{"id":530,"date":"2020-02-13T12:58:13","date_gmt":"2020-02-13T11:58:13","guid":{"rendered":"https:\/\/www.eBai.cz\/eshop\/?post_type=product&#038;p=530"},"modified":"2025-03-02T00:09:09","modified_gmt":"2025-03-01T23:09:09","slug":"adapter-compact-flash-na-sata-cf-na-sata-na-jednoduchy-ssd-disk","status":"publish","type":"product","link":"https:\/\/www.eBai.cz\/eshop\/produkt\/adapter-compact-flash-na-sata-cf-na-sata-na-jednoduchy-ssd-disk\/","title":{"rendered":"Adapt\u00e9r Compact flash na SATA, CF na SATA na jednoduch\u00fd SSD disk"},"content":{"rendered":"<p>M\u00edsto HDD CF? Nen\u00ed probl\u00e9m s touto redukc\u00ed ud\u011bl\u00e1te jednoduch\u00fd SSD disk bu\u010f do r\u00e1me\u010dku 2,5&#8243; HDD disku nebo s redukc\u00ed do 3,5&#8243; r\u00e1me\u010dku nebo notebooku.<\/p>\n","protected":false},"excerpt":{"rendered":"<p>M\u00edsto HDD CF? Nen\u00ed probl\u00e9m s touto redukc\u00ed ud\u011bl\u00e1te jednoduch\u00fd SSD disk bu\u010f do r\u00e1me\u010dku 2,5&#8243; HDD disku nebo s redukc\u00ed do 3,5&#8243; r\u00e1me\u010dku nebo notebooku.<\/p>\n","protected":false},"featured_media":531,"comment_status":"open","ping_status":"closed","template":"","meta":[],"product_brand":[],"product_cat":[27],"product_tag":[],"class_list":{"0":"post-530","1":"product","2":"type-product","3":"status-publish","4":"has-post-thumbnail","6":"product_cat-pocitace","8":"first","9":"instock","10":"sale","11":"taxable","12":"shipping-taxable","13":"purchasable","14":"product-type-simple"},"jetpack_sharing_enabled":true,"_links":{"self":[{"href":"https:\/\/www.eBai.cz\/eshop\/wp-json\/wp\/v2\/product\/530","targetHints":{"allow":["GET"]}}],"collection":[{"href":"https:\/\/www.eBai.cz\/eshop\/wp-json\/wp\/v2\/product"}],"about":[{"href":"https:\/\/www.eBai.cz\/eshop\/wp-json\/wp\/v2\/types\/product"}],"replies":[{"embeddable":true,"href":"https:\/\/www.eBai.cz\/eshop\/wp-json\/wp\/v2\/comments?post=530"}],"wp:featuredmedia":[{"embeddable":true,"href":"https:\/\/www.eBai.cz\/eshop\/wp-json\/wp\/v2\/media\/531"}],"wp:attachment":[{"href":"https:\/\/www.eBai.cz\/eshop\/wp-json\/wp\/v2\/media?parent=530"}],"wp:term":[{"taxonomy":"product_brand","embeddable":true,"href":"https:\/\/www.eBai.cz\/eshop\/wp-json\/wp\/v2\/product_brand?post=530"},{"taxonomy":"product_cat","embeddable":true,"href":"https:\/\/www.eBai.cz\/eshop\/wp-json\/wp\/v2\/product_cat?post=530"},{"taxonomy":"product_tag","embeddable":true,"href":"https:\/\/www.eBai.cz\/eshop\/wp-json\/wp\/v2\/product_tag?post=530"}],"curies":[{"name":"wp","href":"https:\/\/api.w.org\/{rel}","templated":true}]}}