{"id":526,"date":"2020-02-13T12:54:09","date_gmt":"2020-02-13T11:54:09","guid":{"rendered":"https:\/\/www.eBai.cz\/eshop\/?post_type=product&#038;p=526"},"modified":"2025-03-02T00:00:07","modified_gmt":"2025-03-01T23:00:07","slug":"cpu-chladici-teplovodiva-pasta-v-injekcni-strikacce-1g","status":"publish","type":"product","link":"https:\/\/www.eBai.cz\/eshop\/produkt\/cpu-chladici-teplovodiva-pasta-v-injekcni-strikacce-1g\/","title":{"rendered":"CPU chladic\u00ed teplovodiv\u00e1 pasta v injek\u010dn\u00ed st\u0159\u00edka\u010dce 1g"},"content":{"rendered":"<p>CPU teplovodiv\u00e1 chladic\u00ed pasta v injek\u010dn\u00ed st\u0159\u00edka\u010dce<br \/>\n1gram je ide\u00e1ln\u00ed mno\u017estv\u00ed na spot\u0159ebu, v\u011bt\u0161\u00ed mno\u017estv\u00ed zase m\u016f\u017ee vyschnot nebo nen\u00ed pot\u0159eba.<br \/>\nd\u00edky injek\u010dn\u00ed st\u0159\u00edka\u010dce se pasta jednodu\u0161e nan\u00e1\u0161\u00ed a nic se neza\u0161pin\u00ed, kdo jednou n\u011bco nana\u0161el z 5 nebo dokonce 10g mno\u017estv\u00ed ur\u010dit\u011b v\u00ed&#8230;.<\/p>\n","protected":false},"excerpt":{"rendered":"<p>CPU teplovodiv\u00e1 chladic\u00ed pasta v injek\u010dn\u00ed st\u0159\u00edka\u010dce 1gram je ide\u00e1ln\u00ed mno\u017estv\u00ed na spot\u0159ebu, v\u011bt\u0161\u00ed mno\u017estv\u00ed zase m\u016f\u017ee vyschnot nebo nen\u00ed pot\u0159eba. d\u00edky injek\u010dn\u00ed st\u0159\u00edka\u010dce se pasta jednodu\u0161e nan\u00e1\u0161\u00ed a nic se neza\u0161pin\u00ed, kdo jednou n\u011bco nana\u0161el z 5 nebo dokonce 10g mno\u017estv\u00ed ur\u010dit\u011b v\u00ed&#8230;.<\/p>\n","protected":false},"featured_media":527,"comment_status":"open","ping_status":"closed","template":"","meta":[],"product_brand":[],"product_cat":[35,27],"product_tag":[],"class_list":{"0":"post-526","1":"product","2":"type-product","3":"status-publish","4":"has-post-thumbnail","6":"product_cat-opravne-sady","7":"product_cat-pocitace","9":"first","10":"instock","11":"sale","12":"taxable","13":"shipping-taxable","14":"purchasable","15":"product-type-simple"},"jetpack_sharing_enabled":true,"_links":{"self":[{"href":"https:\/\/www.eBai.cz\/eshop\/wp-json\/wp\/v2\/product\/526","targetHints":{"allow":["GET"]}}],"collection":[{"href":"https:\/\/www.eBai.cz\/eshop\/wp-json\/wp\/v2\/product"}],"about":[{"href":"https:\/\/www.eBai.cz\/eshop\/wp-json\/wp\/v2\/types\/product"}],"replies":[{"embeddable":true,"href":"https:\/\/www.eBai.cz\/eshop\/wp-json\/wp\/v2\/comments?post=526"}],"wp:featuredmedia":[{"embeddable":true,"href":"https:\/\/www.eBai.cz\/eshop\/wp-json\/wp\/v2\/media\/527"}],"wp:attachment":[{"href":"https:\/\/www.eBai.cz\/eshop\/wp-json\/wp\/v2\/media?parent=526"}],"wp:term":[{"taxonomy":"product_brand","embeddable":true,"href":"https:\/\/www.eBai.cz\/eshop\/wp-json\/wp\/v2\/product_brand?post=526"},{"taxonomy":"product_cat","embeddable":true,"href":"https:\/\/www.eBai.cz\/eshop\/wp-json\/wp\/v2\/product_cat?post=526"},{"taxonomy":"product_tag","embeddable":true,"href":"https:\/\/www.eBai.cz\/eshop\/wp-json\/wp\/v2\/product_tag?post=526"}],"curies":[{"name":"wp","href":"https:\/\/api.w.org\/{rel}","templated":true}]}}