{"id":524,"date":"2020-02-13T12:51:41","date_gmt":"2020-02-13T11:51:41","guid":{"rendered":"https:\/\/www.eBai.cz\/eshop\/?post_type=product&#038;p=524"},"modified":"2025-03-02T00:07:38","modified_gmt":"2025-03-01T23:07:38","slug":"krimpovaci-kleste-rj45-na-lan-bonus-narazec","status":"publish","type":"product","link":"https:\/\/www.eBai.cz\/eshop\/produkt\/krimpovaci-kleste-rj45-na-lan-bonus-narazec\/","title":{"rendered":"Krimpovac\u00ed kle\u0161t\u011b RJ45 na LAN bonus nar\u00e1\u017ee\u010d"},"content":{"rendered":"<p>Krimpovac\u00ed kle\u0161t\u011b RJ45 na LAN bonus nar\u00e1\u017ee\u010d<\/p>\n","protected":false},"excerpt":{"rendered":"<p>Krimpovac\u00ed kle\u0161t\u011b RJ45 na LAN bonus nar\u00e1\u017ee\u010d<\/p>\n","protected":false},"featured_media":525,"comment_status":"open","ping_status":"closed","template":"","meta":[],"product_brand":[],"product_cat":[27],"product_tag":[],"class_list":{"0":"post-524","1":"product","2":"type-product","3":"status-publish","4":"has-post-thumbnail","6":"product_cat-pocitace","8":"first","9":"instock","10":"sale","11":"taxable","12":"shipping-taxable","13":"purchasable","14":"product-type-simple"},"jetpack_sharing_enabled":true,"_links":{"self":[{"href":"https:\/\/www.eBai.cz\/eshop\/wp-json\/wp\/v2\/product\/524","targetHints":{"allow":["GET"]}}],"collection":[{"href":"https:\/\/www.eBai.cz\/eshop\/wp-json\/wp\/v2\/product"}],"about":[{"href":"https:\/\/www.eBai.cz\/eshop\/wp-json\/wp\/v2\/types\/product"}],"replies":[{"embeddable":true,"href":"https:\/\/www.eBai.cz\/eshop\/wp-json\/wp\/v2\/comments?post=524"}],"wp:featuredmedia":[{"embeddable":true,"href":"https:\/\/www.eBai.cz\/eshop\/wp-json\/wp\/v2\/media\/525"}],"wp:attachment":[{"href":"https:\/\/www.eBai.cz\/eshop\/wp-json\/wp\/v2\/media?parent=524"}],"wp:term":[{"taxonomy":"product_brand","embeddable":true,"href":"https:\/\/www.eBai.cz\/eshop\/wp-json\/wp\/v2\/product_brand?post=524"},{"taxonomy":"product_cat","embeddable":true,"href":"https:\/\/www.eBai.cz\/eshop\/wp-json\/wp\/v2\/product_cat?post=524"},{"taxonomy":"product_tag","embeddable":true,"href":"https:\/\/www.eBai.cz\/eshop\/wp-json\/wp\/v2\/product_tag?post=524"}],"curies":[{"name":"wp","href":"https:\/\/api.w.org\/{rel}","templated":true}]}}