{"id":518,"date":"2020-02-13T12:43:13","date_gmt":"2020-02-13T11:43:13","guid":{"rendered":"https:\/\/www.eBai.cz\/eshop\/?post_type=product&#038;p=518"},"modified":"2025-03-01T23:41:51","modified_gmt":"2025-03-01T22:41:51","slug":"kabelovy-tester-lan-a-usb-ethernet-network-rj-45-cat5-rj11","status":"publish","type":"product","link":"https:\/\/www.eBai.cz\/eshop\/produkt\/kabelovy-tester-lan-a-usb-ethernet-network-rj-45-cat5-rj11\/","title":{"rendered":"Kabelov\u00fd tester LAN a USB Ethernet Network RJ-45 Cat5 RJ11"},"content":{"rendered":"<p>Testov\u00e1n\u00ed USB (A\/A), USB (A\/B), RJ45 and RJ11\/RJ12 network cables<br \/>\nTest pin\u016f 1, 2, 3, 4, 5, 6, 7, 8 a zem<br \/>\nOdhal\u00ed p\u0159ek\u0159\u00ed\u017een\u00e9, nezapojen\u00e9 kabely<br \/>\nJednodu\u0161e odpojiteln\u00e9, proto se daj\u00ed testovat ji\u017e polo\u017een\u00e9 kabely a vyhledat chybu<br \/>\nNap\u00e1jen\u00ed: 9V bateri\u00ed (nen\u00ed sou\u010d\u00e1st\u00ed balen\u00ed)<\/p>\n<p>1 &#8211; RJ45 (TX)<br \/>\n2 &#8211; USB A (TX)<br \/>\n3 &#8211; USB B (TX)<br \/>\n4 &#8211; RJ45 (RX)<br \/>\n5 &#8211; USB A (RX)<br \/>\n6 &#8211; (TX) LED<br \/>\n7 &#8211; (RX) LED<br \/>\n8 &#8211; OFF\/TEST\/AUTO P\u0159ep\u00edna\u010d<br \/>\n9 &#8211; TESTovac\u00ed tla\u010d\u00edtko<br \/>\n10 &#8211; AUTO LED dioda<br \/>\n11 &#8211; BATT LED dioda<br \/>\n12 &#8211; Baterie<br \/>\n13 &#8211; REMOTE RJ45 (RX)<br \/>\n14 &#8211; REMOTE USB A (RX)<br \/>\n15 &#8211; REMOTE LED<\/p>\n","protected":false},"excerpt":{"rendered":"<p>Testov\u00e1n\u00ed USB (A\/A), USB (A\/B), RJ45 and RJ11\/RJ12 network cables Test pin\u016f 1, 2, 3, 4, 5, 6, 7, 8 a zem Odhal\u00ed p\u0159ek\u0159\u00ed\u017een\u00e9, nezapojen\u00e9 kabely Jednodu\u0161e odpojiteln\u00e9, proto se daj\u00ed testovat ji\u017e polo\u017een\u00e9 kabely a vyhledat chybu Nap\u00e1jen\u00ed: 9V bateri\u00ed (nen\u00ed sou\u010d\u00e1st\u00ed balen\u00ed) 1 &#8211; RJ45 (TX) 2 &#8211; USB A (TX) 3 &#8211; [&hellip;]<\/p>\n","protected":false},"featured_media":519,"comment_status":"open","ping_status":"closed","template":"","meta":[],"product_brand":[],"product_cat":[27],"product_tag":[],"class_list":{"0":"post-518","1":"product","2":"type-product","3":"status-publish","4":"has-post-thumbnail","6":"product_cat-pocitace","8":"first","9":"instock","10":"sale","11":"taxable","12":"shipping-taxable","13":"purchasable","14":"product-type-simple"},"jetpack_sharing_enabled":true,"_links":{"self":[{"href":"https:\/\/www.eBai.cz\/eshop\/wp-json\/wp\/v2\/product\/518","targetHints":{"allow":["GET"]}}],"collection":[{"href":"https:\/\/www.eBai.cz\/eshop\/wp-json\/wp\/v2\/product"}],"about":[{"href":"https:\/\/www.eBai.cz\/eshop\/wp-json\/wp\/v2\/types\/product"}],"replies":[{"embeddable":true,"href":"https:\/\/www.eBai.cz\/eshop\/wp-json\/wp\/v2\/comments?post=518"}],"wp:featuredmedia":[{"embeddable":true,"href":"https:\/\/www.eBai.cz\/eshop\/wp-json\/wp\/v2\/media\/519"}],"wp:attachment":[{"href":"https:\/\/www.eBai.cz\/eshop\/wp-json\/wp\/v2\/media?parent=518"}],"wp:term":[{"taxonomy":"product_brand","embeddable":true,"href":"https:\/\/www.eBai.cz\/eshop\/wp-json\/wp\/v2\/product_brand?post=518"},{"taxonomy":"product_cat","embeddable":true,"href":"https:\/\/www.eBai.cz\/eshop\/wp-json\/wp\/v2\/product_cat?post=518"},{"taxonomy":"product_tag","embeddable":true,"href":"https:\/\/www.eBai.cz\/eshop\/wp-json\/wp\/v2\/product_tag?post=518"}],"curies":[{"name":"wp","href":"https:\/\/api.w.org\/{rel}","templated":true}]}}