{"id":516,"date":"2020-02-13T12:37:43","date_gmt":"2020-02-13T11:37:43","guid":{"rendered":"https:\/\/www.eBai.cz\/eshop\/?post_type=product&#038;p=516"},"modified":"2025-03-01T23:58:53","modified_gmt":"2025-03-01T22:58:53","slug":"power-tester-napajecich-zdroju-atx-24-pinu","status":"publish","type":"product","link":"https:\/\/www.eBai.cz\/eshop\/produkt\/power-tester-napajecich-zdroju-atx-24-pinu\/","title":{"rendered":"POWER tester nap\u00e1jec\u00edch zdroj\u016f ATX (24 pin\u016f)"},"content":{"rendered":"<p>Tester po\u010d\u00edta\u010dov\u00fdch zdroj\u016f ATX, BTX a ITX: zobrazen\u00ed pomoc\u00ed LED diod<br \/>\n\u2013 M\u011b\u0159\u00ed nap\u011bt\u00ed plus 3,3V, plus 5V, plus 5VSB (Stand By), plus 12V, -5V, -12V a plus PG (Power Good)<br \/>\n\u2013 P\u0159ipojuje se p\u0159\u00edmo na v\u00fdstupn\u00ed kabely zdroje.<br \/>\n\u2013 Indikace nap\u011bt\u00ed LED diodami<br \/>\n\u2013 Zapnut\u00ed zdroje jestli fyzicky funguje a to\u010d\u00ed se v\u011btr\u00e1k<\/p>\n<p>Konektory pro p\u0159ipojen\u00ed zdroje:<br \/>\n\u2013 24 pinov\u00fd hlavn\u00ed kabel zdroje (jde i 20 pinov\u00fd)<br \/>\n\u2013 Nap\u00e1jec\u00ed kabely IDE hardisk\u016f a CD\/DVD (4 pinov\u00e9)<br \/>\n\u2013 Nap\u00e1jen\u00ed SATA hardisk\u016f<br \/>\n\u2013 Nap\u00e1jen\u00ed FDD<br \/>\n\u2013 P4, P6 a P8 konektory ( plus 12V pro CPU, pomocn\u00e9 nap\u00e1jen\u00ed grafick\u00fdch karet)<\/p>\n","protected":false},"excerpt":{"rendered":"<p>Tester po\u010d\u00edta\u010dov\u00fdch zdroj\u016f ATX, BTX a ITX: zobrazen\u00ed pomoc\u00ed LED diod \u2013 M\u011b\u0159\u00ed nap\u011bt\u00ed plus 3,3V, plus 5V, plus 5VSB (Stand By), plus 12V, -5V, -12V a plus PG (Power Good) \u2013 P\u0159ipojuje se p\u0159\u00edmo na v\u00fdstupn\u00ed kabely zdroje. \u2013 Indikace nap\u011bt\u00ed LED diodami \u2013 Zapnut\u00ed zdroje jestli fyzicky funguje a to\u010d\u00ed se v\u011btr\u00e1k Konektory [&hellip;]<\/p>\n","protected":false},"featured_media":517,"comment_status":"open","ping_status":"closed","template":"","meta":[],"product_brand":[],"product_cat":[35,27],"product_tag":[],"class_list":{"0":"post-516","1":"product","2":"type-product","3":"status-publish","4":"has-post-thumbnail","6":"product_cat-opravne-sady","7":"product_cat-pocitace","9":"first","10":"instock","11":"sale","12":"taxable","13":"shipping-taxable","14":"purchasable","15":"product-type-simple"},"jetpack_sharing_enabled":true,"_links":{"self":[{"href":"https:\/\/www.eBai.cz\/eshop\/wp-json\/wp\/v2\/product\/516","targetHints":{"allow":["GET"]}}],"collection":[{"href":"https:\/\/www.eBai.cz\/eshop\/wp-json\/wp\/v2\/product"}],"about":[{"href":"https:\/\/www.eBai.cz\/eshop\/wp-json\/wp\/v2\/types\/product"}],"replies":[{"embeddable":true,"href":"https:\/\/www.eBai.cz\/eshop\/wp-json\/wp\/v2\/comments?post=516"}],"wp:featuredmedia":[{"embeddable":true,"href":"https:\/\/www.eBai.cz\/eshop\/wp-json\/wp\/v2\/media\/517"}],"wp:attachment":[{"href":"https:\/\/www.eBai.cz\/eshop\/wp-json\/wp\/v2\/media?parent=516"}],"wp:term":[{"taxonomy":"product_brand","embeddable":true,"href":"https:\/\/www.eBai.cz\/eshop\/wp-json\/wp\/v2\/product_brand?post=516"},{"taxonomy":"product_cat","embeddable":true,"href":"https:\/\/www.eBai.cz\/eshop\/wp-json\/wp\/v2\/product_cat?post=516"},{"taxonomy":"product_tag","embeddable":true,"href":"https:\/\/www.eBai.cz\/eshop\/wp-json\/wp\/v2\/product_tag?post=516"}],"curies":[{"name":"wp","href":"https:\/\/api.w.org\/{rel}","templated":true}]}}