{"id":512,"date":"2020-02-13T12:31:42","date_gmt":"2020-02-13T11:31:42","guid":{"rendered":"https:\/\/www.eBai.cz\/eshop\/?post_type=product&#038;p=512"},"modified":"2022-05-18T12:44:19","modified_gmt":"2022-05-18T10:44:19","slug":"4-portovy-usb-2-0-hub-tuba-modry","status":"publish","type":"product","link":"https:\/\/www.eBai.cz\/eshop\/produkt\/4-portovy-usb-2-0-hub-tuba-modry\/","title":{"rendered":"4 portov\u00fd USB 2.0 HUB tuba modr\u00fd"},"content":{"rendered":"<p>4 portov\u00fd mini USB HUB tuba modr\u00e1 barva<br \/>\np\u0159enosov\u00e1 rychlost standartu 2.0<br \/>\nKompatibiln\u00ed windows, linux, mac os<\/p>\n","protected":false},"excerpt":{"rendered":"<p>4 portov\u00fd mini USB HUB tuba modr\u00e1 barva p\u0159enosov\u00e1 rychlost standartu 2.0 Kompatibiln\u00ed windows, linux, mac os<\/p>\n","protected":false},"featured_media":513,"comment_status":"open","ping_status":"closed","template":"","meta":[],"product_brand":[],"product_cat":[27],"product_tag":[],"class_list":{"0":"post-512","1":"product","2":"type-product","3":"status-publish","4":"has-post-thumbnail","6":"product_cat-pocitace","8":"first","9":"outofstock","10":"sale","11":"taxable","12":"shipping-taxable","13":"purchasable","14":"product-type-simple"},"jetpack_sharing_enabled":true,"_links":{"self":[{"href":"https:\/\/www.eBai.cz\/eshop\/wp-json\/wp\/v2\/product\/512","targetHints":{"allow":["GET"]}}],"collection":[{"href":"https:\/\/www.eBai.cz\/eshop\/wp-json\/wp\/v2\/product"}],"about":[{"href":"https:\/\/www.eBai.cz\/eshop\/wp-json\/wp\/v2\/types\/product"}],"replies":[{"embeddable":true,"href":"https:\/\/www.eBai.cz\/eshop\/wp-json\/wp\/v2\/comments?post=512"}],"wp:featuredmedia":[{"embeddable":true,"href":"https:\/\/www.eBai.cz\/eshop\/wp-json\/wp\/v2\/media\/513"}],"wp:attachment":[{"href":"https:\/\/www.eBai.cz\/eshop\/wp-json\/wp\/v2\/media?parent=512"}],"wp:term":[{"taxonomy":"product_brand","embeddable":true,"href":"https:\/\/www.eBai.cz\/eshop\/wp-json\/wp\/v2\/product_brand?post=512"},{"taxonomy":"product_cat","embeddable":true,"href":"https:\/\/www.eBai.cz\/eshop\/wp-json\/wp\/v2\/product_cat?post=512"},{"taxonomy":"product_tag","embeddable":true,"href":"https:\/\/www.eBai.cz\/eshop\/wp-json\/wp\/v2\/product_tag?post=512"}],"curies":[{"name":"wp","href":"https:\/\/api.w.org\/{rel}","templated":true}]}}