{"id":510,"date":"2020-02-13T12:29:37","date_gmt":"2020-02-13T11:29:37","guid":{"rendered":"https:\/\/www.eBai.cz\/eshop\/?post_type=product&#038;p=510"},"modified":"2025-03-01T23:40:27","modified_gmt":"2025-03-01T22:40:27","slug":"4-portovy-ultra-tenky-usb-2-0-hub","status":"publish","type":"product","link":"https:\/\/www.eBai.cz\/eshop\/produkt\/4-portovy-ultra-tenky-usb-2-0-hub\/","title":{"rendered":"4 portov\u00fd ultra tenk\u00fd USB 2.0 HUB"},"content":{"rendered":"<p>4 portov\u00fd ultra tenk\u00fd mini USB HUB<br \/>\nKompatibiln\u00ed windows, linux, mac os<\/p>\n","protected":false},"excerpt":{"rendered":"<p>4 portov\u00fd ultra tenk\u00fd mini USB HUB Kompatibiln\u00ed windows, linux, mac os<\/p>\n","protected":false},"featured_media":511,"comment_status":"open","ping_status":"closed","template":"","meta":[],"product_brand":[],"product_cat":[27],"product_tag":[],"class_list":{"0":"post-510","1":"product","2":"type-product","3":"status-publish","4":"has-post-thumbnail","6":"product_cat-pocitace","8":"first","9":"instock","10":"taxable","11":"shipping-taxable","12":"purchasable","13":"product-type-simple"},"jetpack_sharing_enabled":true,"_links":{"self":[{"href":"https:\/\/www.eBai.cz\/eshop\/wp-json\/wp\/v2\/product\/510","targetHints":{"allow":["GET"]}}],"collection":[{"href":"https:\/\/www.eBai.cz\/eshop\/wp-json\/wp\/v2\/product"}],"about":[{"href":"https:\/\/www.eBai.cz\/eshop\/wp-json\/wp\/v2\/types\/product"}],"replies":[{"embeddable":true,"href":"https:\/\/www.eBai.cz\/eshop\/wp-json\/wp\/v2\/comments?post=510"}],"wp:featuredmedia":[{"embeddable":true,"href":"https:\/\/www.eBai.cz\/eshop\/wp-json\/wp\/v2\/media\/511"}],"wp:attachment":[{"href":"https:\/\/www.eBai.cz\/eshop\/wp-json\/wp\/v2\/media?parent=510"}],"wp:term":[{"taxonomy":"product_brand","embeddable":true,"href":"https:\/\/www.eBai.cz\/eshop\/wp-json\/wp\/v2\/product_brand?post=510"},{"taxonomy":"product_cat","embeddable":true,"href":"https:\/\/www.eBai.cz\/eshop\/wp-json\/wp\/v2\/product_cat?post=510"},{"taxonomy":"product_tag","embeddable":true,"href":"https:\/\/www.eBai.cz\/eshop\/wp-json\/wp\/v2\/product_tag?post=510"}],"curies":[{"name":"wp","href":"https:\/\/api.w.org\/{rel}","templated":true}]}}