{"id":506,"date":"2020-02-13T12:26:10","date_gmt":"2020-02-13T11:26:10","guid":{"rendered":"https:\/\/www.eBai.cz\/eshop\/?post_type=product&#038;p=506"},"modified":"2021-06-22T21:56:49","modified_gmt":"2021-06-22T19:56:49","slug":"13-led-lampa-lampicka-svitilna-usb-flexibilni-k-notebooku","status":"publish","type":"product","link":"https:\/\/www.eBai.cz\/eshop\/produkt\/13-led-lampa-lampicka-svitilna-usb-flexibilni-k-notebooku\/","title":{"rendered":"13 LED lampa lampi\u010dka sv\u00edtilna USB flexibiln\u00ed k notebooku"},"content":{"rendered":"<p>13 LED lampa lampi\u010dka sv\u00edtilna USB flexibiln\u00ed k notebooku<\/p>\n<p>Parametry:<br \/>\nV\u00e1ha: 52g<br \/>\nNap\u00e1jen\u00ed: USB<br \/>\nPo\u010det: 13 LED diod SMD<br \/>\nD\u00e9lka ohebn\u00e9 \u010d\u00e1sti: 40cm<\/p>\n","protected":false},"excerpt":{"rendered":"<p>13 LED lampa lampi\u010dka sv\u00edtilna USB flexibiln\u00ed k notebooku Parametry: V\u00e1ha: 52g Nap\u00e1jen\u00ed: USB Po\u010det: 13 LED diod SMD D\u00e9lka ohebn\u00e9 \u010d\u00e1sti: 40cm<\/p>\n","protected":false},"featured_media":507,"comment_status":"open","ping_status":"closed","template":"","meta":[],"product_brand":[],"product_cat":[27],"product_tag":[],"class_list":{"0":"post-506","1":"product","2":"type-product","3":"status-publish","4":"has-post-thumbnail","6":"product_cat-pocitace","8":"first","9":"outofstock","10":"taxable","11":"shipping-taxable","12":"purchasable","13":"product-type-simple"},"jetpack_sharing_enabled":true,"_links":{"self":[{"href":"https:\/\/www.eBai.cz\/eshop\/wp-json\/wp\/v2\/product\/506","targetHints":{"allow":["GET"]}}],"collection":[{"href":"https:\/\/www.eBai.cz\/eshop\/wp-json\/wp\/v2\/product"}],"about":[{"href":"https:\/\/www.eBai.cz\/eshop\/wp-json\/wp\/v2\/types\/product"}],"replies":[{"embeddable":true,"href":"https:\/\/www.eBai.cz\/eshop\/wp-json\/wp\/v2\/comments?post=506"}],"wp:featuredmedia":[{"embeddable":true,"href":"https:\/\/www.eBai.cz\/eshop\/wp-json\/wp\/v2\/media\/507"}],"wp:attachment":[{"href":"https:\/\/www.eBai.cz\/eshop\/wp-json\/wp\/v2\/media?parent=506"}],"wp:term":[{"taxonomy":"product_brand","embeddable":true,"href":"https:\/\/www.eBai.cz\/eshop\/wp-json\/wp\/v2\/product_brand?post=506"},{"taxonomy":"product_cat","embeddable":true,"href":"https:\/\/www.eBai.cz\/eshop\/wp-json\/wp\/v2\/product_cat?post=506"},{"taxonomy":"product_tag","embeddable":true,"href":"https:\/\/www.eBai.cz\/eshop\/wp-json\/wp\/v2\/product_tag?post=506"}],"curies":[{"name":"wp","href":"https:\/\/api.w.org\/{rel}","templated":true}]}}