{"id":502,"date":"2020-02-13T12:20:02","date_gmt":"2020-02-13T11:20:02","guid":{"rendered":"https:\/\/www.eBai.cz\/eshop\/?post_type=product&#038;p=502"},"modified":"2020-02-13T12:20:02","modified_gmt":"2020-02-13T11:20:02","slug":"keramicky-vymenny-drtic-do-mlynku-na-kavu-koreni","status":"publish","type":"product","link":"https:\/\/www.eBai.cz\/eshop\/produkt\/keramicky-vymenny-drtic-do-mlynku-na-kavu-koreni\/","title":{"rendered":"Keramick\u00fd v\u00fdm\u011bnn\u00fd drti\u010d do ml\u00fdnku na k\u00e1vu ko\u0159en\u00ed"},"content":{"rendered":"<p>Keramick\u00fd v\u00fdm\u011bnn\u00fd drti\u010d do ml\u00fdnku na k\u00e1vu ko\u0159en\u00ed<\/p>\n","protected":false},"excerpt":{"rendered":"<p>Keramick\u00fd v\u00fdm\u011bnn\u00fd drti\u010d do ml\u00fdnku na k\u00e1vu ko\u0159en\u00ed<\/p>\n","protected":false},"featured_media":503,"comment_status":"open","ping_status":"closed","template":"","meta":[],"product_brand":[],"product_cat":[29],"product_tag":[],"class_list":{"0":"post-502","1":"product","2":"type-product","3":"status-publish","4":"has-post-thumbnail","6":"product_cat-nastroje","8":"first","9":"instock","10":"taxable","11":"shipping-taxable","12":"purchasable","13":"product-type-simple"},"jetpack_sharing_enabled":true,"_links":{"self":[{"href":"https:\/\/www.eBai.cz\/eshop\/wp-json\/wp\/v2\/product\/502","targetHints":{"allow":["GET"]}}],"collection":[{"href":"https:\/\/www.eBai.cz\/eshop\/wp-json\/wp\/v2\/product"}],"about":[{"href":"https:\/\/www.eBai.cz\/eshop\/wp-json\/wp\/v2\/types\/product"}],"replies":[{"embeddable":true,"href":"https:\/\/www.eBai.cz\/eshop\/wp-json\/wp\/v2\/comments?post=502"}],"wp:featuredmedia":[{"embeddable":true,"href":"https:\/\/www.eBai.cz\/eshop\/wp-json\/wp\/v2\/media\/503"}],"wp:attachment":[{"href":"https:\/\/www.eBai.cz\/eshop\/wp-json\/wp\/v2\/media?parent=502"}],"wp:term":[{"taxonomy":"product_brand","embeddable":true,"href":"https:\/\/www.eBai.cz\/eshop\/wp-json\/wp\/v2\/product_brand?post=502"},{"taxonomy":"product_cat","embeddable":true,"href":"https:\/\/www.eBai.cz\/eshop\/wp-json\/wp\/v2\/product_cat?post=502"},{"taxonomy":"product_tag","embeddable":true,"href":"https:\/\/www.eBai.cz\/eshop\/wp-json\/wp\/v2\/product_tag?post=502"}],"curies":[{"name":"wp","href":"https:\/\/api.w.org\/{rel}","templated":true}]}}