{"id":500,"date":"2020-02-13T12:17:59","date_gmt":"2020-02-13T11:17:59","guid":{"rendered":"https:\/\/www.eBai.cz\/eshop\/?post_type=product&#038;p=500"},"modified":"2024-02-01T10:40:45","modified_gmt":"2024-02-01T09:40:45","slug":"mlynek-na-kavu-rucni-velky","status":"publish","type":"product","link":"https:\/\/www.eBai.cz\/eshop\/produkt\/mlynek-na-kavu-rucni-velky\/","title":{"rendered":"Ml\u00fdnek na k\u00e1vu ru\u010dn\u00ed velk\u00fd"},"content":{"rendered":"<p>Ml\u00fdnek na k\u00e1vu ru\u010dn\u00ed velk\u00fd<br \/>\nMo\u017enost regulace namlet\u00e9 k\u00e1vy<\/p>\n","protected":false},"excerpt":{"rendered":"<p>Ml\u00fdnek na k\u00e1vu ru\u010dn\u00ed velk\u00fd Mo\u017enost regulace namlet\u00e9 k\u00e1vy<\/p>\n","protected":false},"featured_media":501,"comment_status":"open","ping_status":"closed","template":"","meta":[],"product_brand":[],"product_cat":[29,26],"product_tag":[],"class_list":{"0":"post-500","1":"product","2":"type-product","3":"status-publish","4":"has-post-thumbnail","6":"product_cat-nastroje","7":"product_cat-darky","9":"first","10":"outofstock","11":"taxable","12":"shipping-taxable","13":"purchasable","14":"product-type-simple"},"jetpack_sharing_enabled":true,"_links":{"self":[{"href":"https:\/\/www.eBai.cz\/eshop\/wp-json\/wp\/v2\/product\/500","targetHints":{"allow":["GET"]}}],"collection":[{"href":"https:\/\/www.eBai.cz\/eshop\/wp-json\/wp\/v2\/product"}],"about":[{"href":"https:\/\/www.eBai.cz\/eshop\/wp-json\/wp\/v2\/types\/product"}],"replies":[{"embeddable":true,"href":"https:\/\/www.eBai.cz\/eshop\/wp-json\/wp\/v2\/comments?post=500"}],"wp:featuredmedia":[{"embeddable":true,"href":"https:\/\/www.eBai.cz\/eshop\/wp-json\/wp\/v2\/media\/501"}],"wp:attachment":[{"href":"https:\/\/www.eBai.cz\/eshop\/wp-json\/wp\/v2\/media?parent=500"}],"wp:term":[{"taxonomy":"product_brand","embeddable":true,"href":"https:\/\/www.eBai.cz\/eshop\/wp-json\/wp\/v2\/product_brand?post=500"},{"taxonomy":"product_cat","embeddable":true,"href":"https:\/\/www.eBai.cz\/eshop\/wp-json\/wp\/v2\/product_cat?post=500"},{"taxonomy":"product_tag","embeddable":true,"href":"https:\/\/www.eBai.cz\/eshop\/wp-json\/wp\/v2\/product_tag?post=500"}],"curies":[{"name":"wp","href":"https:\/\/api.w.org\/{rel}","templated":true}]}}