{"id":473,"date":"2020-02-12T23:56:53","date_gmt":"2020-02-12T22:56:53","guid":{"rendered":"https:\/\/www.eBai.cz\/eshop\/?post_type=product&#038;p=473"},"modified":"2020-02-12T23:56:53","modified_gmt":"2020-02-12T22:56:53","slug":"pevna-plastenka-ponco-na-skutr-motorku","status":"publish","type":"product","link":"https:\/\/www.eBai.cz\/eshop\/produkt\/pevna-plastenka-ponco-na-skutr-motorku\/","title":{"rendered":"Pevn\u00e1 pl\u00e1\u0161t\u011bnka pon\u010do na sk\u00fatr motorku"},"content":{"rendered":"<p>Pevn\u00e1 pl\u00e1\u0161t\u011bnka pon\u010do na sk\u00fatr motorku<\/p>\n<p>Pr\u016fhledn\u00e1\/b\u00edl\u00e1 barva<\/p>\n<p>\u0160\u0165astnou cestu bez nehod.<\/p>\n","protected":false},"excerpt":{"rendered":"<p>Pevn\u00e1 pl\u00e1\u0161t\u011bnka pon\u010do na sk\u00fatr motorku Pr\u016fhledn\u00e1\/b\u00edl\u00e1 barva \u0160\u0165astnou cestu bez nehod.<\/p>\n","protected":false},"featured_media":474,"comment_status":"open","ping_status":"closed","template":"","meta":[],"product_brand":[],"product_cat":[34],"product_tag":[],"class_list":{"0":"post-473","1":"product","2":"type-product","3":"status-publish","4":"has-post-thumbnail","6":"product_cat-pro-motorku","8":"first","9":"instock","10":"taxable","11":"shipping-taxable","12":"purchasable","13":"product-type-simple"},"jetpack_sharing_enabled":true,"_links":{"self":[{"href":"https:\/\/www.eBai.cz\/eshop\/wp-json\/wp\/v2\/product\/473","targetHints":{"allow":["GET"]}}],"collection":[{"href":"https:\/\/www.eBai.cz\/eshop\/wp-json\/wp\/v2\/product"}],"about":[{"href":"https:\/\/www.eBai.cz\/eshop\/wp-json\/wp\/v2\/types\/product"}],"replies":[{"embeddable":true,"href":"https:\/\/www.eBai.cz\/eshop\/wp-json\/wp\/v2\/comments?post=473"}],"wp:featuredmedia":[{"embeddable":true,"href":"https:\/\/www.eBai.cz\/eshop\/wp-json\/wp\/v2\/media\/474"}],"wp:attachment":[{"href":"https:\/\/www.eBai.cz\/eshop\/wp-json\/wp\/v2\/media?parent=473"}],"wp:term":[{"taxonomy":"product_brand","embeddable":true,"href":"https:\/\/www.eBai.cz\/eshop\/wp-json\/wp\/v2\/product_brand?post=473"},{"taxonomy":"product_cat","embeddable":true,"href":"https:\/\/www.eBai.cz\/eshop\/wp-json\/wp\/v2\/product_cat?post=473"},{"taxonomy":"product_tag","embeddable":true,"href":"https:\/\/www.eBai.cz\/eshop\/wp-json\/wp\/v2\/product_tag?post=473"}],"curies":[{"name":"wp","href":"https:\/\/api.w.org\/{rel}","templated":true}]}}