{"id":469,"date":"2020-02-12T23:53:11","date_gmt":"2020-02-12T22:53:11","guid":{"rendered":"https:\/\/www.eBai.cz\/eshop\/?post_type=product&#038;p=469"},"modified":"2022-05-10T23:28:29","modified_gmt":"2022-05-10T21:28:29","slug":"mini-hodiny-na-motorku-skutr-ctyrkolku-kolo-s-barevnym-rameckem","status":"publish","type":"product","link":"https:\/\/www.eBai.cz\/eshop\/produkt\/mini-hodiny-na-motorku-skutr-ctyrkolku-kolo-s-barevnym-rameckem\/","title":{"rendered":"Mini hodiny na motorku sk\u00fatr \u010dty\u0159kolku kolo s barevn\u00fdm r\u00e1me\u010dkem"},"content":{"rendered":"<p>Mini hodiny na motorku sk\u00fatr \u010dty\u0159kolku kolo s barevn\u00fdm r\u00e1me\u010dkem<br \/>\nR\u00e1me\u010dek je hlin\u00edkov\u00fd, celkov\u00fd pr\u016fm\u011br 33mm, hloubka celkov\u00e1 se z\u00e1pust\u00ed 20,2mm, bez z\u00e1pust\u011b 12mm.<br \/>\nMo\u017enost namontovat na kr\u010dek kola, tak\u017ee nezab\u00edr\u00e1 \u017e\u00e1dn\u00e9 m\u00edsto.<\/p>\n<p>Aktu\u00e1ln\u00ed barvy \u010derven\u00e1<\/p>\n","protected":false},"excerpt":{"rendered":"<p>Mini hodiny na motorku sk\u00fatr \u010dty\u0159kolku kolo s barevn\u00fdm r\u00e1me\u010dkem R\u00e1me\u010dek je hlin\u00edkov\u00fd, celkov\u00fd pr\u016fm\u011br 33mm, hloubka celkov\u00e1 se z\u00e1pust\u00ed 20,2mm, bez z\u00e1pust\u011b 12mm. Mo\u017enost namontovat na kr\u010dek kola, tak\u017ee nezab\u00edr\u00e1 \u017e\u00e1dn\u00e9 m\u00edsto. Aktu\u00e1ln\u00ed barvy \u010derven\u00e1<\/p>\n","protected":false},"featured_media":470,"comment_status":"open","ping_status":"closed","template":"","meta":[],"product_brand":[],"product_cat":[34,28],"product_tag":[],"class_list":{"0":"post-469","1":"product","2":"type-product","3":"status-publish","4":"has-post-thumbnail","6":"product_cat-pro-motorku","7":"product_cat-pro-sport","9":"first","10":"outofstock","11":"taxable","12":"shipping-taxable","13":"purchasable","14":"product-type-simple"},"jetpack_sharing_enabled":true,"_links":{"self":[{"href":"https:\/\/www.eBai.cz\/eshop\/wp-json\/wp\/v2\/product\/469","targetHints":{"allow":["GET"]}}],"collection":[{"href":"https:\/\/www.eBai.cz\/eshop\/wp-json\/wp\/v2\/product"}],"about":[{"href":"https:\/\/www.eBai.cz\/eshop\/wp-json\/wp\/v2\/types\/product"}],"replies":[{"embeddable":true,"href":"https:\/\/www.eBai.cz\/eshop\/wp-json\/wp\/v2\/comments?post=469"}],"wp:featuredmedia":[{"embeddable":true,"href":"https:\/\/www.eBai.cz\/eshop\/wp-json\/wp\/v2\/media\/470"}],"wp:attachment":[{"href":"https:\/\/www.eBai.cz\/eshop\/wp-json\/wp\/v2\/media?parent=469"}],"wp:term":[{"taxonomy":"product_brand","embeddable":true,"href":"https:\/\/www.eBai.cz\/eshop\/wp-json\/wp\/v2\/product_brand?post=469"},{"taxonomy":"product_cat","embeddable":true,"href":"https:\/\/www.eBai.cz\/eshop\/wp-json\/wp\/v2\/product_cat?post=469"},{"taxonomy":"product_tag","embeddable":true,"href":"https:\/\/www.eBai.cz\/eshop\/wp-json\/wp\/v2\/product_tag?post=469"}],"curies":[{"name":"wp","href":"https:\/\/api.w.org\/{rel}","templated":true}]}}