{"id":465,"date":"2020-02-12T23:47:52","date_gmt":"2020-02-12T22:47:52","guid":{"rendered":"https:\/\/www.eBai.cz\/eshop\/?post_type=product&#038;p=465"},"modified":"2024-03-20T20:18:55","modified_gmt":"2024-03-20T19:18:55","slug":"digitalni-manometrmeric-tlaku-pneumatik-s-lcd-displejem-nizky-pro-motorku","status":"publish","type":"product","link":"https:\/\/www.eBai.cz\/eshop\/produkt\/digitalni-manometrmeric-tlaku-pneumatik-s-lcd-displejem-nizky-pro-motorku\/","title":{"rendered":"Digit\u00e1ln\u00ed manometr,m\u011b\u0159i\u010d tlaku pneumatik s LCD displejem n\u00edzk\u00fd pro motorku"},"content":{"rendered":"<p>Pneu digit\u00e1ln\u00ed manometr s LCD, ergonomick\u00fd tvar a mal\u00e9 rozm\u011bry, mo\u017enosti volby m\u011b\u0159\u00edc\u00edch jednotek PSI \/ BAR. Automatick\u00e9 vyp\u00edn\u00e1n\u00ed do \u00fasporn\u00e9ho modu.<\/p>\n<p>v\u00fdborn\u011b se hod\u00ed i pro motork\u00e1\u0159e m\u00e1 dob\u0159e \u0159e\u0161en\u00e9 odb\u011brn\u00e9 m\u00edsto a tud\u00ed\u017e se v\u0161ude vejde<\/p>\n<p>V\u00e1ha: 39g<br \/>\nVelikost: 14.5 \u00d7 3.5 \u00d7 3 cm<br \/>\nRozsah hodnot: 5.0 \u2013 100 PSI a 0.1 \u2013 7.00 Bar<br \/>\nDisplej: 22mm LCD<br \/>\nNap\u00e1jen\u00ed: 3V lithiov\u00e1 (sou\u010d\u00e1st\u00ed balen\u00ed)<br \/>\nProvozn\u00ed teplota: -5-50\u00b0C<\/p>\n<p>Informace o zach\u00e1zen\u00ed<br \/>\nZm\u00e1\u010dknout ON a v\u00fdb\u011br PSI neb BAR.<br \/>\nZm\u00e1\u010dknut\u00ed dlouze se za\u0159\u00edzen\u00ed vypne nebo automaticky samo po 40 vte\u0159in\u00e1ch<\/p>\n<p>\u0160\u0165astnou cestu bez nehod.<\/p>\n","protected":false},"excerpt":{"rendered":"<p>Pneu digit\u00e1ln\u00ed manometr s LCD, ergonomick\u00fd tvar a mal\u00e9 rozm\u011bry, mo\u017enosti volby m\u011b\u0159\u00edc\u00edch jednotek PSI \/ BAR. Automatick\u00e9 vyp\u00edn\u00e1n\u00ed do \u00fasporn\u00e9ho modu. v\u00fdborn\u011b se hod\u00ed i pro motork\u00e1\u0159e m\u00e1 dob\u0159e \u0159e\u0161en\u00e9 odb\u011brn\u00e9 m\u00edsto a tud\u00ed\u017e se v\u0161ude vejde V\u00e1ha: 39g Velikost: 14.5 \u00d7 3.5 \u00d7 3 cm Rozsah hodnot: 5.0 \u2013 100 PSI a 0.1 [&hellip;]<\/p>\n","protected":false},"featured_media":466,"comment_status":"open","ping_status":"closed","template":"","meta":[],"product_brand":[],"product_cat":[34,33],"product_tag":[],"class_list":{"0":"post-465","1":"product","2":"type-product","3":"status-publish","4":"has-post-thumbnail","6":"product_cat-pro-motorku","7":"product_cat-pro-auto","9":"first","10":"instock","11":"taxable","12":"shipping-taxable","13":"purchasable","14":"product-type-simple"},"jetpack_sharing_enabled":true,"_links":{"self":[{"href":"https:\/\/www.eBai.cz\/eshop\/wp-json\/wp\/v2\/product\/465","targetHints":{"allow":["GET"]}}],"collection":[{"href":"https:\/\/www.eBai.cz\/eshop\/wp-json\/wp\/v2\/product"}],"about":[{"href":"https:\/\/www.eBai.cz\/eshop\/wp-json\/wp\/v2\/types\/product"}],"replies":[{"embeddable":true,"href":"https:\/\/www.eBai.cz\/eshop\/wp-json\/wp\/v2\/comments?post=465"}],"wp:featuredmedia":[{"embeddable":true,"href":"https:\/\/www.eBai.cz\/eshop\/wp-json\/wp\/v2\/media\/466"}],"wp:attachment":[{"href":"https:\/\/www.eBai.cz\/eshop\/wp-json\/wp\/v2\/media?parent=465"}],"wp:term":[{"taxonomy":"product_brand","embeddable":true,"href":"https:\/\/www.eBai.cz\/eshop\/wp-json\/wp\/v2\/product_brand?post=465"},{"taxonomy":"product_cat","embeddable":true,"href":"https:\/\/www.eBai.cz\/eshop\/wp-json\/wp\/v2\/product_cat?post=465"},{"taxonomy":"product_tag","embeddable":true,"href":"https:\/\/www.eBai.cz\/eshop\/wp-json\/wp\/v2\/product_tag?post=465"}],"curies":[{"name":"wp","href":"https:\/\/api.w.org\/{rel}","templated":true}]}}