{"id":463,"date":"2020-02-12T23:40:48","date_gmt":"2020-02-12T22:40:48","guid":{"rendered":"https:\/\/www.eBai.cz\/eshop\/?post_type=product&#038;p=463"},"modified":"2026-03-08T12:23:50","modified_gmt":"2026-03-08T11:23:50","slug":"drzak-mobilu-na-riditka-na-motorku-ctyrkolku-kolo-univerzalni","status":"publish","type":"product","link":"https:\/\/www.eBai.cz\/eshop\/produkt\/drzak-mobilu-na-riditka-na-motorku-ctyrkolku-kolo-univerzalni\/","title":{"rendered":"Dr\u017e\u00e1k mobilu na \u0159\u00edd\u00edtka na motorku \u010dty\u0159kolku kolo univerz\u00e1ln\u00ed"},"content":{"rendered":"<p>Vynikaj\u00edc\u00ed hlin\u00edkov\u00fd dr\u017e\u00e1k s posuvem pro 4-6,8&#8243; telefon. Pojezd 18-31mm. 3 r\u016fzn\u00e9 pr\u016fm\u011bry \u00fachyt\u016f na \u0159\u00edd\u00edtka.<\/p>\n","protected":false},"excerpt":{"rendered":"<p>Vynikaj\u00edc\u00ed hlin\u00edkov\u00fd dr\u017e\u00e1k s posuvem pro 4-6,8&#8243; telefon. Pojezd 18-31mm. 3 r\u016fzn\u00e9 pr\u016fm\u011bry \u00fachyt\u016f na \u0159\u00edd\u00edtka.<\/p>\n","protected":false},"featured_media":464,"comment_status":"open","ping_status":"closed","template":"","meta":[],"product_brand":[],"product_cat":[34,28,18],"product_tag":[],"class_list":{"0":"post-463","1":"product","2":"type-product","3":"status-publish","4":"has-post-thumbnail","6":"product_cat-pro-motorku","7":"product_cat-pro-sport","8":"product_cat-pro-mobil","10":"first","11":"instock","12":"taxable","13":"shipping-taxable","14":"purchasable","15":"product-type-simple"},"jetpack_sharing_enabled":true,"_links":{"self":[{"href":"https:\/\/www.eBai.cz\/eshop\/wp-json\/wp\/v2\/product\/463","targetHints":{"allow":["GET"]}}],"collection":[{"href":"https:\/\/www.eBai.cz\/eshop\/wp-json\/wp\/v2\/product"}],"about":[{"href":"https:\/\/www.eBai.cz\/eshop\/wp-json\/wp\/v2\/types\/product"}],"replies":[{"embeddable":true,"href":"https:\/\/www.eBai.cz\/eshop\/wp-json\/wp\/v2\/comments?post=463"}],"wp:featuredmedia":[{"embeddable":true,"href":"https:\/\/www.eBai.cz\/eshop\/wp-json\/wp\/v2\/media\/464"}],"wp:attachment":[{"href":"https:\/\/www.eBai.cz\/eshop\/wp-json\/wp\/v2\/media?parent=463"}],"wp:term":[{"taxonomy":"product_brand","embeddable":true,"href":"https:\/\/www.eBai.cz\/eshop\/wp-json\/wp\/v2\/product_brand?post=463"},{"taxonomy":"product_cat","embeddable":true,"href":"https:\/\/www.eBai.cz\/eshop\/wp-json\/wp\/v2\/product_cat?post=463"},{"taxonomy":"product_tag","embeddable":true,"href":"https:\/\/www.eBai.cz\/eshop\/wp-json\/wp\/v2\/product_tag?post=463"}],"curies":[{"name":"wp","href":"https:\/\/api.w.org\/{rel}","templated":true}]}}