{"id":461,"date":"2020-02-12T23:38:51","date_gmt":"2020-02-12T22:38:51","guid":{"rendered":"https:\/\/www.eBai.cz\/eshop\/?post_type=product&#038;p=461"},"modified":"2020-02-12T23:38:51","modified_gmt":"2020-02-12T22:38:51","slug":"pojistka-10a-6x30mm-skutr-ctyrkolka-motorka","status":"publish","type":"product","link":"https:\/\/www.eBai.cz\/eshop\/produkt\/pojistka-10a-6x30mm-skutr-ctyrkolka-motorka\/","title":{"rendered":"Pojistka 10A 6x30mm sk\u00fatr \u010dty\u0159kolka motorka"},"content":{"rendered":"<p>Pojistka 10A 6x30mm sk\u00fatr \u010dty\u0159kolka motorka<\/p>\n","protected":false},"excerpt":{"rendered":"<p>Pojistka 10A 6x30mm sk\u00fatr \u010dty\u0159kolka motorka<\/p>\n","protected":false},"featured_media":462,"comment_status":"open","ping_status":"closed","template":"","meta":[],"product_brand":[],"product_cat":[34],"product_tag":[],"class_list":{"0":"post-461","1":"product","2":"type-product","3":"status-publish","4":"has-post-thumbnail","6":"product_cat-pro-motorku","8":"first","9":"instock","10":"taxable","11":"shipping-taxable","12":"purchasable","13":"product-type-simple"},"jetpack_sharing_enabled":true,"_links":{"self":[{"href":"https:\/\/www.eBai.cz\/eshop\/wp-json\/wp\/v2\/product\/461","targetHints":{"allow":["GET"]}}],"collection":[{"href":"https:\/\/www.eBai.cz\/eshop\/wp-json\/wp\/v2\/product"}],"about":[{"href":"https:\/\/www.eBai.cz\/eshop\/wp-json\/wp\/v2\/types\/product"}],"replies":[{"embeddable":true,"href":"https:\/\/www.eBai.cz\/eshop\/wp-json\/wp\/v2\/comments?post=461"}],"wp:featuredmedia":[{"embeddable":true,"href":"https:\/\/www.eBai.cz\/eshop\/wp-json\/wp\/v2\/media\/462"}],"wp:attachment":[{"href":"https:\/\/www.eBai.cz\/eshop\/wp-json\/wp\/v2\/media?parent=461"}],"wp:term":[{"taxonomy":"product_brand","embeddable":true,"href":"https:\/\/www.eBai.cz\/eshop\/wp-json\/wp\/v2\/product_brand?post=461"},{"taxonomy":"product_cat","embeddable":true,"href":"https:\/\/www.eBai.cz\/eshop\/wp-json\/wp\/v2\/product_cat?post=461"},{"taxonomy":"product_tag","embeddable":true,"href":"https:\/\/www.eBai.cz\/eshop\/wp-json\/wp\/v2\/product_tag?post=461"}],"curies":[{"name":"wp","href":"https:\/\/api.w.org\/{rel}","templated":true}]}}