{"id":4525,"date":"2020-04-28T14:34:02","date_gmt":"2020-04-28T12:34:02","guid":{"rendered":"https:\/\/www.eBai.cz\/eshop\/?post_type=product&#038;p=4525"},"modified":"2024-02-16T00:36:12","modified_gmt":"2024-02-15T23:36:12","slug":"nakrcnik-na-motorku-kolo-lyze-chranic-krku-pusy-a-hlavy-lebka-multibarva","status":"publish","type":"product","link":"https:\/\/www.eBai.cz\/eshop\/produkt\/nakrcnik-na-motorku-kolo-lyze-chranic-krku-pusy-a-hlavy-lebka-multibarva\/","title":{"rendered":"N\u00e1kr\u010dn\u00edk na motorku kolo ly\u017ee chr\u00e1ni\u010d krku pusy a hlavy LEBKA multibarva"},"content":{"rendered":"<p>Vynikaj\u00edc\u00ed pomocn\u00edk nefouk\u00e1 z pod helmy na krk a hlavu. Pokud bol\u00ed p\u00e1te\u0159 je to z nafouk\u00e1n\u00ed. Po p\u00e1r j\u00edzd\u00e1ch p\u0159estanou probl\u00e9my s p\u00e1te\u0159\u00ed.<\/p>\n","protected":false},"excerpt":{"rendered":"<p>Vynikaj\u00edc\u00ed pomocn\u00edk nefouk\u00e1 z pod helmy na krk a hlavu. Pokud bol\u00ed p\u00e1te\u0159 je to z nafouk\u00e1n\u00ed. Po p\u00e1r j\u00edzd\u00e1ch p\u0159estanou probl\u00e9my s p\u00e1te\u0159\u00ed.<\/p>\n","protected":false},"featured_media":4526,"comment_status":"open","ping_status":"closed","template":"","meta":[],"product_brand":[],"product_cat":[42,34,28],"product_tag":[],"class_list":{"0":"post-4525","1":"product","2":"type-product","3":"status-publish","4":"has-post-thumbnail","6":"product_cat-obleceni","7":"product_cat-pro-motorku","8":"product_cat-pro-sport","10":"first","11":"instock","12":"taxable","13":"shipping-taxable","14":"purchasable","15":"product-type-simple"},"jetpack_sharing_enabled":true,"_links":{"self":[{"href":"https:\/\/www.eBai.cz\/eshop\/wp-json\/wp\/v2\/product\/4525","targetHints":{"allow":["GET"]}}],"collection":[{"href":"https:\/\/www.eBai.cz\/eshop\/wp-json\/wp\/v2\/product"}],"about":[{"href":"https:\/\/www.eBai.cz\/eshop\/wp-json\/wp\/v2\/types\/product"}],"replies":[{"embeddable":true,"href":"https:\/\/www.eBai.cz\/eshop\/wp-json\/wp\/v2\/comments?post=4525"}],"wp:featuredmedia":[{"embeddable":true,"href":"https:\/\/www.eBai.cz\/eshop\/wp-json\/wp\/v2\/media\/4526"}],"wp:attachment":[{"href":"https:\/\/www.eBai.cz\/eshop\/wp-json\/wp\/v2\/media?parent=4525"}],"wp:term":[{"taxonomy":"product_brand","embeddable":true,"href":"https:\/\/www.eBai.cz\/eshop\/wp-json\/wp\/v2\/product_brand?post=4525"},{"taxonomy":"product_cat","embeddable":true,"href":"https:\/\/www.eBai.cz\/eshop\/wp-json\/wp\/v2\/product_cat?post=4525"},{"taxonomy":"product_tag","embeddable":true,"href":"https:\/\/www.eBai.cz\/eshop\/wp-json\/wp\/v2\/product_tag?post=4525"}],"curies":[{"name":"wp","href":"https:\/\/api.w.org\/{rel}","templated":true}]}}