{"id":45,"date":"2020-02-08T13:08:08","date_gmt":"2020-02-08T12:08:08","guid":{"rendered":"https:\/\/www.pecka.info\/wp\/?post_type=product&#038;p=45"},"modified":"2022-04-05T22:15:11","modified_gmt":"2022-04-05T20:15:11","slug":"srouby-a-matice-velka-stavebnice","status":"publish","type":"product","link":"https:\/\/www.eBai.cz\/eshop\/produkt\/srouby-a-matice-velka-stavebnice\/","title":{"rendered":"\u0160rouby a Matice velk\u00e1 stavebnice"},"content":{"rendered":"<p>\u0160rouby a matice procvi\u010dov\u00e1n\u00ed prst\u00edk\u016f na nasazov\u00e1n\u00ed a utahov\u00e1n\u00ed mati\u010dek na \u0161rouby<\/p>\n<p>Polytechnick\u00e1 stavebnice <a href=\"http:\/\/www.ebai.cz\/navody\/navod-matice.pdf\">N\u00e1vod ke sta\u017een\u00ed<\/a><\/p>\n<p>Technick\u00e9 informace:<br \/>\n&#8211; hoblovan\u00e1 opracovan\u00e1 d\u0159ev\u011bn\u00e1 smrkov\u00e1 deska dlouh\u00e1 cca 35cm<br \/>\n&#8211; 7\u00d7 opracovan\u00fd ocelov\u00fd chromovan\u00fd z\u00e1vit M20, M16, M14, M12, M10, M8, M6 (d\u00e9lka 120mm)<br \/>\n&#8211; matice v po\u010dtu 3-6ks na ka\u017ed\u00fd \u0161roub<br \/>\n&#8211; ru\u010dn\u011b vyrobeno v \u010cesk\u00e9 republice (\u017e\u00e1dn\u00e1 \u010c\u00edna)<br \/>\n&#8211; je ekologick\u00e1, neobsahuje \u017e\u00e1dn\u00e9 barvy<\/p>\n<p>video ke shl\u00e9dnut\u00ed:<\/p>\n<p><iframe loading=\"lazy\" src=\"https:\/\/www.youtube.com\/embed\/A0HXxbSleQQ\" width=\"560\" height=\"315\" frameborder=\"0\" allowfullscreen=\"allowfullscreen\"><\/iframe><\/p>\n<p><em>Upozorn\u011bn\u00ed: Ur\u010den\u00e9 k pou\u017eit\u00ed ve \u0161kol\u00e1ch a v jin\u00fdch pedagogick\u00fdch souvislostech pro didaktick\u00e9 \u00fa\u010dely pod dohledem dosp\u011bl\u00e9ho instruktora.<\/em><\/p>\n","protected":false},"excerpt":{"rendered":"<p>\u0160rouby a matice procvi\u010dov\u00e1n\u00ed prst\u00edk\u016f na nasazov\u00e1n\u00ed a utahov\u00e1n\u00ed mati\u010dek na \u0161rouby Polytechnick\u00e1 stavebnice N\u00e1vod ke sta\u017een\u00ed Technick\u00e9 informace: &#8211; hoblovan\u00e1 opracovan\u00e1 d\u0159ev\u011bn\u00e1 smrkov\u00e1 deska dlouh\u00e1 cca 35cm &#8211; 7\u00d7 opracovan\u00fd ocelov\u00fd chromovan\u00fd z\u00e1vit M20, M16, M14, M12, M10, M8, M6 (d\u00e9lka 120mm) &#8211; matice v po\u010dtu 3-6ks na ka\u017ed\u00fd \u0161roub &#8211; ru\u010dn\u011b vyrobeno v [&hellip;]<\/p>\n","protected":false},"featured_media":46,"comment_status":"open","ping_status":"closed","template":"","meta":[],"product_brand":[],"product_cat":[22],"product_tag":[],"class_list":{"0":"post-45","1":"product","2":"type-product","3":"status-publish","4":"has-post-thumbnail","6":"product_cat-polytechnika","8":"first","9":"instock","10":"taxable","11":"shipping-taxable","12":"purchasable","13":"product-type-simple"},"jetpack_sharing_enabled":true,"_links":{"self":[{"href":"https:\/\/www.eBai.cz\/eshop\/wp-json\/wp\/v2\/product\/45","targetHints":{"allow":["GET"]}}],"collection":[{"href":"https:\/\/www.eBai.cz\/eshop\/wp-json\/wp\/v2\/product"}],"about":[{"href":"https:\/\/www.eBai.cz\/eshop\/wp-json\/wp\/v2\/types\/product"}],"replies":[{"embeddable":true,"href":"https:\/\/www.eBai.cz\/eshop\/wp-json\/wp\/v2\/comments?post=45"}],"wp:featuredmedia":[{"embeddable":true,"href":"https:\/\/www.eBai.cz\/eshop\/wp-json\/wp\/v2\/media\/46"}],"wp:attachment":[{"href":"https:\/\/www.eBai.cz\/eshop\/wp-json\/wp\/v2\/media?parent=45"}],"wp:term":[{"taxonomy":"product_brand","embeddable":true,"href":"https:\/\/www.eBai.cz\/eshop\/wp-json\/wp\/v2\/product_brand?post=45"},{"taxonomy":"product_cat","embeddable":true,"href":"https:\/\/www.eBai.cz\/eshop\/wp-json\/wp\/v2\/product_cat?post=45"},{"taxonomy":"product_tag","embeddable":true,"href":"https:\/\/www.eBai.cz\/eshop\/wp-json\/wp\/v2\/product_tag?post=45"}],"curies":[{"name":"wp","href":"https:\/\/api.w.org\/{rel}","templated":true}]}}