{"id":448,"date":"2020-02-12T20:11:57","date_gmt":"2020-02-12T19:11:57","guid":{"rendered":"https:\/\/www.eBai.cz\/eshop\/?post_type=product&#038;p=448"},"modified":"2022-10-17T14:07:13","modified_gmt":"2022-10-17T12:07:13","slug":"hacek-na-drzeni-tasek-do-auta","status":"publish","type":"product","link":"https:\/\/www.eBai.cz\/eshop\/produkt\/hacek-na-drzeni-tasek-do-auta\/","title":{"rendered":"H\u00e1\u010dek na dr\u017een\u00ed ta\u0161ek do auta"},"content":{"rendered":"<p>H\u00e1\u010dek na op\u011brku pro uchycen\u00ed ta\u0161ek. Vynikaj\u00edc\u00ed dr\u017e\u00e1k pro nerosyp\u00e1n\u00ed n\u00e1kupu v aut\u011b.<\/p>\n","protected":false},"excerpt":{"rendered":"<p>H\u00e1\u010dek na op\u011brku pro uchycen\u00ed ta\u0161ek. Vynikaj\u00edc\u00ed dr\u017e\u00e1k pro nerosyp\u00e1n\u00ed n\u00e1kupu v aut\u011b.<\/p>\n","protected":false},"featured_media":449,"comment_status":"open","ping_status":"closed","template":"","meta":[],"product_brand":[],"product_cat":[33],"product_tag":[],"class_list":{"0":"post-448","1":"product","2":"type-product","3":"status-publish","4":"has-post-thumbnail","6":"product_cat-pro-auto","8":"first","9":"outofstock","10":"sale","11":"taxable","12":"shipping-taxable","13":"purchasable","14":"product-type-simple"},"jetpack_sharing_enabled":true,"_links":{"self":[{"href":"https:\/\/www.eBai.cz\/eshop\/wp-json\/wp\/v2\/product\/448","targetHints":{"allow":["GET"]}}],"collection":[{"href":"https:\/\/www.eBai.cz\/eshop\/wp-json\/wp\/v2\/product"}],"about":[{"href":"https:\/\/www.eBai.cz\/eshop\/wp-json\/wp\/v2\/types\/product"}],"replies":[{"embeddable":true,"href":"https:\/\/www.eBai.cz\/eshop\/wp-json\/wp\/v2\/comments?post=448"}],"wp:featuredmedia":[{"embeddable":true,"href":"https:\/\/www.eBai.cz\/eshop\/wp-json\/wp\/v2\/media\/449"}],"wp:attachment":[{"href":"https:\/\/www.eBai.cz\/eshop\/wp-json\/wp\/v2\/media?parent=448"}],"wp:term":[{"taxonomy":"product_brand","embeddable":true,"href":"https:\/\/www.eBai.cz\/eshop\/wp-json\/wp\/v2\/product_brand?post=448"},{"taxonomy":"product_cat","embeddable":true,"href":"https:\/\/www.eBai.cz\/eshop\/wp-json\/wp\/v2\/product_cat?post=448"},{"taxonomy":"product_tag","embeddable":true,"href":"https:\/\/www.eBai.cz\/eshop\/wp-json\/wp\/v2\/product_tag?post=448"}],"curies":[{"name":"wp","href":"https:\/\/api.w.org\/{rel}","templated":true}]}}