{"id":436,"date":"2020-02-12T19:48:46","date_gmt":"2020-02-12T18:48:46","guid":{"rendered":"https:\/\/www.eBai.cz\/eshop\/?post_type=product&#038;p=436"},"modified":"2020-12-21T22:15:48","modified_gmt":"2020-12-21T21:15:48","slug":"drzak-na-bryle-do-auta-pripnuti-na-stinitko-ruzne-barvy","status":"publish","type":"product","link":"https:\/\/www.eBai.cz\/eshop\/produkt\/drzak-na-bryle-do-auta-pripnuti-na-stinitko-ruzne-barvy\/","title":{"rendered":"Dr\u017e\u00e1k na br\u00fdle do auta p\u0159ipnut\u00ed na st\u00edn\u00edtko r\u016fzn\u00e9 barvy"},"content":{"rendered":"<p>Velmi praktick\u00fd dr\u017e\u00e1k na br\u00fdle. Jednoduch\u00e9 p\u0159\u00edpnut\u00ed\/odepnut\u00ed. Velmi dob\u0159e dr\u017e\u00ed na st\u00edn\u00edtku a nep\u0159ek\u00e1\u017e\u00ed. \u0160et\u0159\u00ed m\u00edsto. R\u016fzn\u00e9 barvy, aktu\u00e1ln\u00ed barvy zlat\u00e1 modr\u00e1 \u010dern\u00e1<\/p>\n","protected":false},"excerpt":{"rendered":"<p>Velmi praktick\u00fd dr\u017e\u00e1k na br\u00fdle. Jednoduch\u00e9 p\u0159\u00edpnut\u00ed\/odepnut\u00ed. Velmi dob\u0159e dr\u017e\u00ed na st\u00edn\u00edtku a nep\u0159ek\u00e1\u017e\u00ed. \u0160et\u0159\u00ed m\u00edsto. R\u016fzn\u00e9 barvy, aktu\u00e1ln\u00ed barvy zlat\u00e1 modr\u00e1 \u010dern\u00e1<\/p>\n","protected":false},"featured_media":437,"comment_status":"open","ping_status":"closed","template":"","meta":[],"product_brand":[],"product_cat":[33],"product_tag":[],"class_list":{"0":"post-436","1":"product","2":"type-product","3":"status-publish","4":"has-post-thumbnail","6":"product_cat-pro-auto","8":"first","9":"outofstock","10":"taxable","11":"shipping-taxable","12":"purchasable","13":"product-type-simple"},"jetpack_sharing_enabled":true,"_links":{"self":[{"href":"https:\/\/www.eBai.cz\/eshop\/wp-json\/wp\/v2\/product\/436","targetHints":{"allow":["GET"]}}],"collection":[{"href":"https:\/\/www.eBai.cz\/eshop\/wp-json\/wp\/v2\/product"}],"about":[{"href":"https:\/\/www.eBai.cz\/eshop\/wp-json\/wp\/v2\/types\/product"}],"replies":[{"embeddable":true,"href":"https:\/\/www.eBai.cz\/eshop\/wp-json\/wp\/v2\/comments?post=436"}],"wp:featuredmedia":[{"embeddable":true,"href":"https:\/\/www.eBai.cz\/eshop\/wp-json\/wp\/v2\/media\/437"}],"wp:attachment":[{"href":"https:\/\/www.eBai.cz\/eshop\/wp-json\/wp\/v2\/media?parent=436"}],"wp:term":[{"taxonomy":"product_brand","embeddable":true,"href":"https:\/\/www.eBai.cz\/eshop\/wp-json\/wp\/v2\/product_brand?post=436"},{"taxonomy":"product_cat","embeddable":true,"href":"https:\/\/www.eBai.cz\/eshop\/wp-json\/wp\/v2\/product_cat?post=436"},{"taxonomy":"product_tag","embeddable":true,"href":"https:\/\/www.eBai.cz\/eshop\/wp-json\/wp\/v2\/product_tag?post=436"}],"curies":[{"name":"wp","href":"https:\/\/api.w.org\/{rel}","templated":true}]}}