{"id":418,"date":"2020-02-12T19:03:26","date_gmt":"2020-02-12T18:03:26","guid":{"rendered":"https:\/\/www.eBai.cz\/eshop\/?post_type=product&#038;p=418"},"modified":"2022-03-26T09:09:07","modified_gmt":"2022-03-26T08:09:07","slug":"autobateriovy-tester-meri-napeti-na-autobaterii-a-teplomer-usb","status":"publish","type":"product","link":"https:\/\/www.eBai.cz\/eshop\/produkt\/autobateriovy-tester-meri-napeti-na-autobaterii-a-teplomer-usb\/","title":{"rendered":"Autobateriov\u00fd tester m\u011b\u0159\u00ed nap\u011bt\u00ed na autobaterii a teplom\u011br USB"},"content":{"rendered":"<p>Autobateriov\u00fd tester, m\u011b\u0159\u00ed nap\u011bt\u00ed na autobaterii p\u0159es cigaretovou z\u00e1str\u010dku a vnit\u0159n\u00ed teplom\u011br, nab\u00edjen\u00ed p\u0159es USB<\/p>\n","protected":false},"excerpt":{"rendered":"<p>Autobateriov\u00fd tester, m\u011b\u0159\u00ed nap\u011bt\u00ed na autobaterii p\u0159es cigaretovou z\u00e1str\u010dku a vnit\u0159n\u00ed teplom\u011br, nab\u00edjen\u00ed p\u0159es USB<\/p>\n","protected":false},"featured_media":419,"comment_status":"open","ping_status":"closed","template":"","meta":[],"product_brand":[],"product_cat":[33,18],"product_tag":[],"class_list":{"0":"post-418","1":"product","2":"type-product","3":"status-publish","4":"has-post-thumbnail","6":"product_cat-pro-auto","7":"product_cat-pro-mobil","9":"first","10":"instock","11":"taxable","12":"shipping-taxable","13":"purchasable","14":"product-type-simple"},"jetpack_sharing_enabled":true,"_links":{"self":[{"href":"https:\/\/www.eBai.cz\/eshop\/wp-json\/wp\/v2\/product\/418","targetHints":{"allow":["GET"]}}],"collection":[{"href":"https:\/\/www.eBai.cz\/eshop\/wp-json\/wp\/v2\/product"}],"about":[{"href":"https:\/\/www.eBai.cz\/eshop\/wp-json\/wp\/v2\/types\/product"}],"replies":[{"embeddable":true,"href":"https:\/\/www.eBai.cz\/eshop\/wp-json\/wp\/v2\/comments?post=418"}],"wp:featuredmedia":[{"embeddable":true,"href":"https:\/\/www.eBai.cz\/eshop\/wp-json\/wp\/v2\/media\/419"}],"wp:attachment":[{"href":"https:\/\/www.eBai.cz\/eshop\/wp-json\/wp\/v2\/media?parent=418"}],"wp:term":[{"taxonomy":"product_brand","embeddable":true,"href":"https:\/\/www.eBai.cz\/eshop\/wp-json\/wp\/v2\/product_brand?post=418"},{"taxonomy":"product_cat","embeddable":true,"href":"https:\/\/www.eBai.cz\/eshop\/wp-json\/wp\/v2\/product_cat?post=418"},{"taxonomy":"product_tag","embeddable":true,"href":"https:\/\/www.eBai.cz\/eshop\/wp-json\/wp\/v2\/product_tag?post=418"}],"curies":[{"name":"wp","href":"https:\/\/api.w.org\/{rel}","templated":true}]}}