{"id":412,"date":"2020-02-12T18:53:16","date_gmt":"2020-02-12T17:53:16","guid":{"rendered":"https:\/\/www.eBai.cz\/eshop\/?post_type=product&#038;p=412"},"modified":"2023-06-11T11:08:47","modified_gmt":"2023-06-11T09:08:47","slug":"cigaretovy-rozbocovac-s-usb-do-auta-na-3-zdirky-plus-usb","status":"publish","type":"product","link":"https:\/\/www.eBai.cz\/eshop\/produkt\/cigaretovy-rozbocovac-s-usb-do-auta-na-3-zdirky-plus-usb\/","title":{"rendered":"Cigaretov\u00fd rozbo\u010dova\u010d s USB do auta na 3 zd\u00ed\u0159ky plus USB"},"content":{"rendered":"<p>Rozbo\u010dova\u010d 12V do auta<\/p>\n<p>3 z\u00e1suvky plus 1 USB 5V 500mA, ide\u00e1ln\u00ed na chytr\u00fd mobiln\u00ed telefon, tablet<\/p>\n","protected":false},"excerpt":{"rendered":"<p>Rozbo\u010dova\u010d 12V do auta 3 z\u00e1suvky plus 1 USB 5V 500mA, ide\u00e1ln\u00ed na chytr\u00fd mobiln\u00ed telefon, tablet<\/p>\n","protected":false},"featured_media":413,"comment_status":"open","ping_status":"closed","template":"","meta":[],"product_brand":[],"product_cat":[33],"product_tag":[],"class_list":{"0":"post-412","1":"product","2":"type-product","3":"status-publish","4":"has-post-thumbnail","6":"product_cat-pro-auto","8":"first","9":"outofstock","10":"taxable","11":"shipping-taxable","12":"purchasable","13":"product-type-simple"},"jetpack_sharing_enabled":true,"_links":{"self":[{"href":"https:\/\/www.eBai.cz\/eshop\/wp-json\/wp\/v2\/product\/412","targetHints":{"allow":["GET"]}}],"collection":[{"href":"https:\/\/www.eBai.cz\/eshop\/wp-json\/wp\/v2\/product"}],"about":[{"href":"https:\/\/www.eBai.cz\/eshop\/wp-json\/wp\/v2\/types\/product"}],"replies":[{"embeddable":true,"href":"https:\/\/www.eBai.cz\/eshop\/wp-json\/wp\/v2\/comments?post=412"}],"wp:featuredmedia":[{"embeddable":true,"href":"https:\/\/www.eBai.cz\/eshop\/wp-json\/wp\/v2\/media\/413"}],"wp:attachment":[{"href":"https:\/\/www.eBai.cz\/eshop\/wp-json\/wp\/v2\/media?parent=412"}],"wp:term":[{"taxonomy":"product_brand","embeddable":true,"href":"https:\/\/www.eBai.cz\/eshop\/wp-json\/wp\/v2\/product_brand?post=412"},{"taxonomy":"product_cat","embeddable":true,"href":"https:\/\/www.eBai.cz\/eshop\/wp-json\/wp\/v2\/product_cat?post=412"},{"taxonomy":"product_tag","embeddable":true,"href":"https:\/\/www.eBai.cz\/eshop\/wp-json\/wp\/v2\/product_tag?post=412"}],"curies":[{"name":"wp","href":"https:\/\/api.w.org\/{rel}","templated":true}]}}