{"id":408,"date":"2020-02-12T18:07:28","date_gmt":"2020-02-12T17:07:28","guid":{"rendered":"https:\/\/www.eBai.cz\/eshop\/?post_type=product&#038;p=408"},"modified":"2020-02-12T18:07:28","modified_gmt":"2020-02-12T17:07:28","slug":"vytahovac-plechu-na-promackliny","status":"publish","type":"product","link":"https:\/\/www.eBai.cz\/eshop\/produkt\/vytahovac-plechu-na-promackliny\/","title":{"rendered":"Vytahova\u010d plechu na prom\u00e1\u010dkliny"},"content":{"rendered":"<p>Vytahova\u010d plechu na prom\u00e1\u010dkliny<br \/>\n1\u00d7 vytahova\u010d<br \/>\n5\u00d7 n\u00e1stavec<br \/>\n1\u00d7 dola\u010fovac\u00ed tu\u017eka<\/p>\n","protected":false},"excerpt":{"rendered":"<p>Vytahova\u010d plechu na prom\u00e1\u010dkliny 1\u00d7 vytahova\u010d 5\u00d7 n\u00e1stavec 1\u00d7 dola\u010fovac\u00ed tu\u017eka<\/p>\n","protected":false},"featured_media":409,"comment_status":"open","ping_status":"closed","template":"","meta":[],"product_brand":[],"product_cat":[33],"product_tag":[],"class_list":{"0":"post-408","1":"product","2":"type-product","3":"status-publish","4":"has-post-thumbnail","6":"product_cat-pro-auto","8":"first","9":"instock","10":"taxable","11":"shipping-taxable","12":"purchasable","13":"product-type-simple"},"jetpack_sharing_enabled":true,"_links":{"self":[{"href":"https:\/\/www.eBai.cz\/eshop\/wp-json\/wp\/v2\/product\/408","targetHints":{"allow":["GET"]}}],"collection":[{"href":"https:\/\/www.eBai.cz\/eshop\/wp-json\/wp\/v2\/product"}],"about":[{"href":"https:\/\/www.eBai.cz\/eshop\/wp-json\/wp\/v2\/types\/product"}],"replies":[{"embeddable":true,"href":"https:\/\/www.eBai.cz\/eshop\/wp-json\/wp\/v2\/comments?post=408"}],"wp:featuredmedia":[{"embeddable":true,"href":"https:\/\/www.eBai.cz\/eshop\/wp-json\/wp\/v2\/media\/409"}],"wp:attachment":[{"href":"https:\/\/www.eBai.cz\/eshop\/wp-json\/wp\/v2\/media?parent=408"}],"wp:term":[{"taxonomy":"product_brand","embeddable":true,"href":"https:\/\/www.eBai.cz\/eshop\/wp-json\/wp\/v2\/product_brand?post=408"},{"taxonomy":"product_cat","embeddable":true,"href":"https:\/\/www.eBai.cz\/eshop\/wp-json\/wp\/v2\/product_cat?post=408"},{"taxonomy":"product_tag","embeddable":true,"href":"https:\/\/www.eBai.cz\/eshop\/wp-json\/wp\/v2\/product_tag?post=408"}],"curies":[{"name":"wp","href":"https:\/\/api.w.org\/{rel}","templated":true}]}}