{"id":368,"date":"2020-02-12T00:42:34","date_gmt":"2020-02-11T23:42:34","guid":{"rendered":"https:\/\/www.eBai.cz\/eshop\/?post_type=product&#038;p=368"},"modified":"2025-03-02T00:30:31","modified_gmt":"2025-03-01T23:30:31","slug":"9-led-baterie-svitilna-s-poutkem-stribrna","status":"publish","type":"product","link":"https:\/\/www.eBai.cz\/eshop\/produkt\/9-led-baterie-svitilna-s-poutkem-stribrna\/","title":{"rendered":"9 LED baterie sv\u00edtilna s poutkem st\u0159\u00edbrn\u00e1"},"content":{"rendered":"<p>9 LED baterie sv\u00edtilna s poutkem, na 3 AAA 1,5V baterie (nen\u00ed sou\u010d\u00e1st\u00ed balen\u00ed)<\/p>\n","protected":false},"excerpt":{"rendered":"<p>9 LED baterie sv\u00edtilna s poutkem, na 3 AAA 1,5V baterie (nen\u00ed sou\u010d\u00e1st\u00ed balen\u00ed)<\/p>\n","protected":false},"featured_media":370,"comment_status":"open","ping_status":"closed","template":"","meta":[],"product_brand":[],"product_cat":[29,19],"product_tag":[],"class_list":{"0":"post-368","1":"product","2":"type-product","3":"status-publish","4":"has-post-thumbnail","6":"product_cat-nastroje","7":"product_cat-survival","9":"first","10":"instock","11":"sale","12":"taxable","13":"shipping-taxable","14":"purchasable","15":"product-type-simple"},"jetpack_sharing_enabled":true,"_links":{"self":[{"href":"https:\/\/www.eBai.cz\/eshop\/wp-json\/wp\/v2\/product\/368","targetHints":{"allow":["GET"]}}],"collection":[{"href":"https:\/\/www.eBai.cz\/eshop\/wp-json\/wp\/v2\/product"}],"about":[{"href":"https:\/\/www.eBai.cz\/eshop\/wp-json\/wp\/v2\/types\/product"}],"replies":[{"embeddable":true,"href":"https:\/\/www.eBai.cz\/eshop\/wp-json\/wp\/v2\/comments?post=368"}],"wp:featuredmedia":[{"embeddable":true,"href":"https:\/\/www.eBai.cz\/eshop\/wp-json\/wp\/v2\/media\/370"}],"wp:attachment":[{"href":"https:\/\/www.eBai.cz\/eshop\/wp-json\/wp\/v2\/media?parent=368"}],"wp:term":[{"taxonomy":"product_brand","embeddable":true,"href":"https:\/\/www.eBai.cz\/eshop\/wp-json\/wp\/v2\/product_brand?post=368"},{"taxonomy":"product_cat","embeddable":true,"href":"https:\/\/www.eBai.cz\/eshop\/wp-json\/wp\/v2\/product_cat?post=368"},{"taxonomy":"product_tag","embeddable":true,"href":"https:\/\/www.eBai.cz\/eshop\/wp-json\/wp\/v2\/product_tag?post=368"}],"curies":[{"name":"wp","href":"https:\/\/api.w.org\/{rel}","templated":true}]}}