{"id":366,"date":"2020-02-12T00:36:17","date_gmt":"2020-02-11T23:36:17","guid":{"rendered":"https:\/\/www.eBai.cz\/eshop\/?post_type=product&#038;p=366"},"modified":"2025-03-03T23:05:16","modified_gmt":"2025-03-03T22:05:16","slug":"teleskopicky-obusek-s-pouzdrem-na-opasek-60cm","status":"publish","type":"product","link":"https:\/\/www.eBai.cz\/eshop\/produkt\/teleskopicky-obusek-s-pouzdrem-na-opasek-60cm\/","title":{"rendered":"Teleskopick\u00fd obu\u0161ek s pouzdrem na opasek 60cm"},"content":{"rendered":"<p>Teleskopick\u00fd obu\u0161ek v\u00fdsuvn\u00fd, pogumovan\u00e1 rukoje\u0165.<br \/>\nVelikost 23-60cm (zasunut\u00fd-vysunut\u00fd)<\/p>\n","protected":false},"excerpt":{"rendered":"<p>Teleskopick\u00fd obu\u0161ek v\u00fdsuvn\u00fd, pogumovan\u00e1 rukoje\u0165. Velikost 23-60cm (zasunut\u00fd-vysunut\u00fd)<\/p>\n","protected":false},"featured_media":367,"comment_status":"open","ping_status":"closed","template":"","meta":[],"product_brand":[],"product_cat":[29,19],"product_tag":[],"class_list":{"0":"post-366","1":"product","2":"type-product","3":"status-publish","4":"has-post-thumbnail","6":"product_cat-nastroje","7":"product_cat-survival","9":"first","10":"instock","11":"sale","12":"taxable","13":"shipping-taxable","14":"purchasable","15":"product-type-simple"},"jetpack_sharing_enabled":true,"_links":{"self":[{"href":"https:\/\/www.eBai.cz\/eshop\/wp-json\/wp\/v2\/product\/366","targetHints":{"allow":["GET"]}}],"collection":[{"href":"https:\/\/www.eBai.cz\/eshop\/wp-json\/wp\/v2\/product"}],"about":[{"href":"https:\/\/www.eBai.cz\/eshop\/wp-json\/wp\/v2\/types\/product"}],"replies":[{"embeddable":true,"href":"https:\/\/www.eBai.cz\/eshop\/wp-json\/wp\/v2\/comments?post=366"}],"wp:featuredmedia":[{"embeddable":true,"href":"https:\/\/www.eBai.cz\/eshop\/wp-json\/wp\/v2\/media\/367"}],"wp:attachment":[{"href":"https:\/\/www.eBai.cz\/eshop\/wp-json\/wp\/v2\/media?parent=366"}],"wp:term":[{"taxonomy":"product_brand","embeddable":true,"href":"https:\/\/www.eBai.cz\/eshop\/wp-json\/wp\/v2\/product_brand?post=366"},{"taxonomy":"product_cat","embeddable":true,"href":"https:\/\/www.eBai.cz\/eshop\/wp-json\/wp\/v2\/product_cat?post=366"},{"taxonomy":"product_tag","embeddable":true,"href":"https:\/\/www.eBai.cz\/eshop\/wp-json\/wp\/v2\/product_tag?post=366"}],"curies":[{"name":"wp","href":"https:\/\/api.w.org\/{rel}","templated":true}]}}