{"id":329,"date":"2020-02-11T23:29:28","date_gmt":"2020-02-11T22:29:28","guid":{"rendered":"https:\/\/www.eBai.cz\/eshop\/?post_type=product&#038;p=329"},"modified":"2020-02-11T23:34:06","modified_gmt":"2020-02-11T22:34:06","slug":"survival-sada-na-preziti-hacek-na-ryby-s-ockem-k-jo-jo-navijaku","status":"publish","type":"product","link":"https:\/\/www.eBai.cz\/eshop\/produkt\/survival-sada-na-preziti-hacek-na-ryby-s-ockem-k-jo-jo-navijaku\/","title":{"rendered":"Survival Sada na p\u0159e\u017eit\u00ed h\u00e1\u010dek na ryby s o\u010dkem k jo jo navij\u00e1ku"},"content":{"rendered":"<p>H\u00e1\u010dek na ryby vhodn\u00e9 k jo jo navij\u00e1ku.<\/p>\n<p>V nab\u00eddce m\u00e1me dal\u0161\u00ed t\u00e1bornick\u00e9 a survival n\u00e1stroje. Sta\u010d\u00ed jen vyhledat slovo &#8222;survival&#8220;.<\/p>\n","protected":false},"excerpt":{"rendered":"<p>H\u00e1\u010dek na ryby vhodn\u00e9 k jo jo navij\u00e1ku. V nab\u00eddce m\u00e1me dal\u0161\u00ed t\u00e1bornick\u00e9 a survival n\u00e1stroje. Sta\u010d\u00ed jen vyhledat slovo &#8222;survival&#8220;.<\/p>\n","protected":false},"featured_media":333,"comment_status":"open","ping_status":"closed","template":"","meta":[],"product_brand":[],"product_cat":[19],"product_tag":[],"class_list":{"0":"post-329","1":"product","2":"type-product","3":"status-publish","4":"has-post-thumbnail","6":"product_cat-survival","8":"first","9":"instock","10":"taxable","11":"shipping-taxable","12":"purchasable","13":"product-type-simple"},"jetpack_sharing_enabled":true,"_links":{"self":[{"href":"https:\/\/www.eBai.cz\/eshop\/wp-json\/wp\/v2\/product\/329","targetHints":{"allow":["GET"]}}],"collection":[{"href":"https:\/\/www.eBai.cz\/eshop\/wp-json\/wp\/v2\/product"}],"about":[{"href":"https:\/\/www.eBai.cz\/eshop\/wp-json\/wp\/v2\/types\/product"}],"replies":[{"embeddable":true,"href":"https:\/\/www.eBai.cz\/eshop\/wp-json\/wp\/v2\/comments?post=329"}],"wp:featuredmedia":[{"embeddable":true,"href":"https:\/\/www.eBai.cz\/eshop\/wp-json\/wp\/v2\/media\/333"}],"wp:attachment":[{"href":"https:\/\/www.eBai.cz\/eshop\/wp-json\/wp\/v2\/media?parent=329"}],"wp:term":[{"taxonomy":"product_brand","embeddable":true,"href":"https:\/\/www.eBai.cz\/eshop\/wp-json\/wp\/v2\/product_brand?post=329"},{"taxonomy":"product_cat","embeddable":true,"href":"https:\/\/www.eBai.cz\/eshop\/wp-json\/wp\/v2\/product_cat?post=329"},{"taxonomy":"product_tag","embeddable":true,"href":"https:\/\/www.eBai.cz\/eshop\/wp-json\/wp\/v2\/product_tag?post=329"}],"curies":[{"name":"wp","href":"https:\/\/api.w.org\/{rel}","templated":true}]}}