{"id":322,"date":"2020-02-11T23:25:54","date_gmt":"2020-02-11T22:25:54","guid":{"rendered":"https:\/\/www.eBai.cz\/eshop\/?post_type=product&#038;p=322"},"modified":"2025-03-03T23:08:02","modified_gmt":"2025-03-03T22:08:02","slug":"survival-sada-na-preziti-auto-naviak-na-ryby-jojo-jo-jo","status":"publish","type":"product","link":"https:\/\/www.eBai.cz\/eshop\/produkt\/survival-sada-na-preziti-auto-naviak-na-ryby-jojo-jo-jo\/","title":{"rendered":"Survival Sada na p\u0159e\u017eit\u00ed auto navi\u00e1k na ryby jojo jo jo"},"content":{"rendered":"<p>Vynikaj\u00edc\u00ed pomocn\u00edk na p\u0159e\u017eit\u00ed, nahod\u00edte na rybku a m\u016f\u017eete j\u00edt stav\u011bt t\u00e1bor, rozd\u011blat ohe\u0148 nebo si vyrobit p\u0159\u00edst\u0159e\u0161ek. A\u017e to v\u0161e ud\u011bl\u00e1te, m\u016f\u017eete j\u00edt pro \u00falovek. \u0160et\u0159\u00ed \u010das i vynalo\u017een\u00e9 kalorie.<\/p>\n<p>v\u00e1ha jen 51g, velikost 7cm<\/p>\n<p>V nab\u00eddce m\u00e1me dal\u0161\u00ed t\u00e1bornick\u00e9 a survival n\u00e1stroje. Sta\u010d\u00ed jen vyhledat slovo &#8222;survival&#8220;.<\/p>\n","protected":false},"excerpt":{"rendered":"<p>Vynikaj\u00edc\u00ed pomocn\u00edk na p\u0159e\u017eit\u00ed, nahod\u00edte na rybku a m\u016f\u017eete j\u00edt stav\u011bt t\u00e1bor, rozd\u011blat ohe\u0148 nebo si vyrobit p\u0159\u00edst\u0159e\u0161ek. A\u017e to v\u0161e ud\u011bl\u00e1te, m\u016f\u017eete j\u00edt pro \u00falovek. \u0160et\u0159\u00ed \u010das i vynalo\u017een\u00e9 kalorie. v\u00e1ha jen 51g, velikost 7cm V nab\u00eddce m\u00e1me dal\u0161\u00ed t\u00e1bornick\u00e9 a survival n\u00e1stroje. Sta\u010d\u00ed jen vyhledat slovo &#8222;survival&#8220;.<\/p>\n","protected":false},"featured_media":326,"comment_status":"open","ping_status":"closed","template":"","meta":[],"product_brand":[],"product_cat":[19],"product_tag":[],"class_list":{"0":"post-322","1":"product","2":"type-product","3":"status-publish","4":"has-post-thumbnail","6":"product_cat-survival","8":"first","9":"instock","10":"sale","11":"taxable","12":"shipping-taxable","13":"purchasable","14":"product-type-simple"},"jetpack_sharing_enabled":true,"_links":{"self":[{"href":"https:\/\/www.eBai.cz\/eshop\/wp-json\/wp\/v2\/product\/322","targetHints":{"allow":["GET"]}}],"collection":[{"href":"https:\/\/www.eBai.cz\/eshop\/wp-json\/wp\/v2\/product"}],"about":[{"href":"https:\/\/www.eBai.cz\/eshop\/wp-json\/wp\/v2\/types\/product"}],"replies":[{"embeddable":true,"href":"https:\/\/www.eBai.cz\/eshop\/wp-json\/wp\/v2\/comments?post=322"}],"wp:featuredmedia":[{"embeddable":true,"href":"https:\/\/www.eBai.cz\/eshop\/wp-json\/wp\/v2\/media\/326"}],"wp:attachment":[{"href":"https:\/\/www.eBai.cz\/eshop\/wp-json\/wp\/v2\/media?parent=322"}],"wp:term":[{"taxonomy":"product_brand","embeddable":true,"href":"https:\/\/www.eBai.cz\/eshop\/wp-json\/wp\/v2\/product_brand?post=322"},{"taxonomy":"product_cat","embeddable":true,"href":"https:\/\/www.eBai.cz\/eshop\/wp-json\/wp\/v2\/product_cat?post=322"},{"taxonomy":"product_tag","embeddable":true,"href":"https:\/\/www.eBai.cz\/eshop\/wp-json\/wp\/v2\/product_tag?post=322"}],"curies":[{"name":"wp","href":"https:\/\/api.w.org\/{rel}","templated":true}]}}