{"id":320,"date":"2020-02-11T23:20:03","date_gmt":"2020-02-11T22:20:03","guid":{"rendered":"https:\/\/www.eBai.cz\/eshop\/?post_type=product&#038;p=320"},"modified":"2025-03-03T23:09:28","modified_gmt":"2025-03-03T22:09:28","slug":"survival-sada-na-preziti-mini-vyklopny-cerny-nuz","status":"publish","type":"product","link":"https:\/\/www.eBai.cz\/eshop\/produkt\/survival-sada-na-preziti-mini-vyklopny-cerny-nuz\/","title":{"rendered":"Survival Sada na p\u0159e\u017eit\u00ed mini v\u00fdklopn\u00fd \u010dern\u00fd n\u016f\u017e"},"content":{"rendered":"<p>Vynikaj\u00edc\u00ed pomocn\u00edk na v\u00fdlet\u011b, p\u0159i poru\u0161e auta, v kancel\u00e1\u0159i, n\u016f\u017e m\u00e1 pojistku proti zav\u0159en\u00ed a p\u0159\u00edpadn\u00e9mu po\u0159ez\u00e1n\u00ed a klip na no\u0161en\u00ed t\u0159eba na opasku.<\/p>\n<p>Bez probl\u00e9m\u016f se vejde do pen\u011b\u017eenky a r\u00e1zem m\u00e1te ostrou \u010depel!<\/p>\n<p>V pen\u011b\u017eence zabere m\u00edsto jako oby\u010dejn\u00e1 kreditka, ani nepozn\u00e1te, \u017ee ho m\u00e1te u sebe dokud ho nebudete pot\u0159ebovat!<\/p>\n<p>Velikost p\u0159i zav\u0159en\u00ed: 66\u00d730mm<br \/>\nVelikost p\u0159i otev\u0159en\u00ed: 118\u00d730mm<br \/>\nV\u00e1ha: 36g<\/p>\n<p>V nab\u00eddce m\u00e1me dal\u0161\u00ed t\u00e1bornick\u00e9 a survival n\u00e1stroje. Sta\u010d\u00ed jen vyhledat slovo &#8222;survival&#8220;.<\/p>\n","protected":false},"excerpt":{"rendered":"<p>Vynikaj\u00edc\u00ed pomocn\u00edk na v\u00fdlet\u011b, p\u0159i poru\u0161e auta, v kancel\u00e1\u0159i, n\u016f\u017e m\u00e1 pojistku proti zav\u0159en\u00ed a p\u0159\u00edpadn\u00e9mu po\u0159ez\u00e1n\u00ed a klip na no\u0161en\u00ed t\u0159eba na opasku. Bez probl\u00e9m\u016f se vejde do pen\u011b\u017eenky a r\u00e1zem m\u00e1te ostrou \u010depel! V pen\u011b\u017eence zabere m\u00edsto jako oby\u010dejn\u00e1 kreditka, ani nepozn\u00e1te, \u017ee ho m\u00e1te u sebe dokud ho nebudete pot\u0159ebovat! Velikost p\u0159i [&hellip;]<\/p>\n","protected":false},"featured_media":346,"comment_status":"open","ping_status":"closed","template":"","meta":[],"product_brand":[],"product_cat":[19],"product_tag":[],"class_list":{"0":"post-320","1":"product","2":"type-product","3":"status-publish","4":"has-post-thumbnail","6":"product_cat-survival","8":"first","9":"instock","10":"sale","11":"taxable","12":"shipping-taxable","13":"purchasable","14":"product-type-simple"},"jetpack_sharing_enabled":true,"_links":{"self":[{"href":"https:\/\/www.eBai.cz\/eshop\/wp-json\/wp\/v2\/product\/320","targetHints":{"allow":["GET"]}}],"collection":[{"href":"https:\/\/www.eBai.cz\/eshop\/wp-json\/wp\/v2\/product"}],"about":[{"href":"https:\/\/www.eBai.cz\/eshop\/wp-json\/wp\/v2\/types\/product"}],"replies":[{"embeddable":true,"href":"https:\/\/www.eBai.cz\/eshop\/wp-json\/wp\/v2\/comments?post=320"}],"wp:featuredmedia":[{"embeddable":true,"href":"https:\/\/www.eBai.cz\/eshop\/wp-json\/wp\/v2\/media\/346"}],"wp:attachment":[{"href":"https:\/\/www.eBai.cz\/eshop\/wp-json\/wp\/v2\/media?parent=320"}],"wp:term":[{"taxonomy":"product_brand","embeddable":true,"href":"https:\/\/www.eBai.cz\/eshop\/wp-json\/wp\/v2\/product_brand?post=320"},{"taxonomy":"product_cat","embeddable":true,"href":"https:\/\/www.eBai.cz\/eshop\/wp-json\/wp\/v2\/product_cat?post=320"},{"taxonomy":"product_tag","embeddable":true,"href":"https:\/\/www.eBai.cz\/eshop\/wp-json\/wp\/v2\/product_tag?post=320"}],"curies":[{"name":"wp","href":"https:\/\/api.w.org\/{rel}","templated":true}]}}