{"id":314,"date":"2020-02-11T23:11:25","date_gmt":"2020-02-11T22:11:25","guid":{"rendered":"https:\/\/www.eBai.cz\/eshop\/?post_type=product&#038;p=314"},"modified":"2023-12-16T21:51:15","modified_gmt":"2023-12-16T20:51:15","slug":"survival-sada-na-preziti-magneziove-kresadlo","status":"publish","type":"product","link":"https:\/\/www.eBai.cz\/eshop\/produkt\/survival-sada-na-preziti-magneziove-kresadlo\/","title":{"rendered":"Survival Sada na p\u0159e\u017eit\u00ed magn\u00e9ziov\u00e9 k\u0159esadlo"},"content":{"rendered":"<p>Vynikaj\u00edc\u00ed pomocn\u00edk na v\u00fdlet\u011b, kdy\u017e pot\u0159ebujete rozd\u011blat ohe\u0148.<\/p>\n<p>Nejsou pot\u0159eba sirky ani zapalova\u010d. Sirky navhlnou, zapalova\u010d nem\u016f\u017ee b\u00fdt na slunci. Tohle k\u0159esadlo m\u016f\u017ee b\u00fdt ulo\u017eeno kdekoliv na slun\u00ed\u010dku, na mraze, na de\u0161ti a st\u00e1le bude k\u0159esat jisk\u0159i\u010dky.<\/p>\n<p>Sta\u010d\u00ed jen kovov\u00fdm prou\u017ekem p\u0159ejet p\u0159es magnesiovou ty\u010dku v bl\u00edzkosti pap\u00edr nebo jemmnou suchou b\u0159\u00edzu a ohen\u0148 je r\u00e1zem k dispozici!<\/p>\n<p>V nab\u00eddce m\u00e1me dal\u0161\u00ed t\u00e1bornick\u00e9 a survival n\u00e1stroje. Sta\u010d\u00ed jen vyhledat slovo &#8222;survival&#8220;.<\/p>\n","protected":false},"excerpt":{"rendered":"<p>Vynikaj\u00edc\u00ed pomocn\u00edk na v\u00fdlet\u011b, kdy\u017e pot\u0159ebujete rozd\u011blat ohe\u0148. Nejsou pot\u0159eba sirky ani zapalova\u010d. Sirky navhlnou, zapalova\u010d nem\u016f\u017ee b\u00fdt na slunci. Tohle k\u0159esadlo m\u016f\u017ee b\u00fdt ulo\u017eeno kdekoliv na slun\u00ed\u010dku, na mraze, na de\u0161ti a st\u00e1le bude k\u0159esat jisk\u0159i\u010dky. Sta\u010d\u00ed jen kovov\u00fdm prou\u017ekem p\u0159ejet p\u0159es magnesiovou ty\u010dku v bl\u00edzkosti pap\u00edr nebo jemmnou suchou b\u0159\u00edzu a ohen\u0148 je [&hellip;]<\/p>\n","protected":false},"featured_media":357,"comment_status":"open","ping_status":"closed","template":"","meta":[],"product_brand":[],"product_cat":[19],"product_tag":[],"class_list":{"0":"post-314","1":"product","2":"type-product","3":"status-publish","4":"has-post-thumbnail","6":"product_cat-survival","8":"first","9":"outofstock","10":"taxable","11":"shipping-taxable","12":"purchasable","13":"product-type-simple"},"jetpack_sharing_enabled":true,"_links":{"self":[{"href":"https:\/\/www.eBai.cz\/eshop\/wp-json\/wp\/v2\/product\/314","targetHints":{"allow":["GET"]}}],"collection":[{"href":"https:\/\/www.eBai.cz\/eshop\/wp-json\/wp\/v2\/product"}],"about":[{"href":"https:\/\/www.eBai.cz\/eshop\/wp-json\/wp\/v2\/types\/product"}],"replies":[{"embeddable":true,"href":"https:\/\/www.eBai.cz\/eshop\/wp-json\/wp\/v2\/comments?post=314"}],"wp:featuredmedia":[{"embeddable":true,"href":"https:\/\/www.eBai.cz\/eshop\/wp-json\/wp\/v2\/media\/357"}],"wp:attachment":[{"href":"https:\/\/www.eBai.cz\/eshop\/wp-json\/wp\/v2\/media?parent=314"}],"wp:term":[{"taxonomy":"product_brand","embeddable":true,"href":"https:\/\/www.eBai.cz\/eshop\/wp-json\/wp\/v2\/product_brand?post=314"},{"taxonomy":"product_cat","embeddable":true,"href":"https:\/\/www.eBai.cz\/eshop\/wp-json\/wp\/v2\/product_cat?post=314"},{"taxonomy":"product_tag","embeddable":true,"href":"https:\/\/www.eBai.cz\/eshop\/wp-json\/wp\/v2\/product_tag?post=314"}],"curies":[{"name":"wp","href":"https:\/\/api.w.org\/{rel}","templated":true}]}}