{"id":312,"date":"2020-02-11T23:09:58","date_gmt":"2020-02-11T22:09:58","guid":{"rendered":"https:\/\/www.eBai.cz\/eshop\/?post_type=product&#038;p=312"},"modified":"2025-03-03T23:10:27","modified_gmt":"2025-03-03T22:10:27","slug":"skladaci-nerezova-sklenice-150ml","status":"publish","type":"product","link":"https:\/\/www.eBai.cz\/eshop\/produkt\/skladaci-nerezova-sklenice-150ml\/","title":{"rendered":"Skl\u00e1dac\u00ed nerezov\u00e1 sklenice 150ml"},"content":{"rendered":"<p>Skl\u00e1dac\u00ed nerezov\u00e1 sklenice 150ml<\/p>\n","protected":false},"excerpt":{"rendered":"<p>Skl\u00e1dac\u00ed nerezov\u00e1 sklenice 150ml<\/p>\n","protected":false},"featured_media":313,"comment_status":"open","ping_status":"closed","template":"","meta":[],"product_brand":[],"product_cat":[19],"product_tag":[],"class_list":{"0":"post-312","1":"product","2":"type-product","3":"status-publish","4":"has-post-thumbnail","6":"product_cat-survival","8":"first","9":"instock","10":"sale","11":"taxable","12":"shipping-taxable","13":"purchasable","14":"product-type-simple"},"jetpack_sharing_enabled":true,"_links":{"self":[{"href":"https:\/\/www.eBai.cz\/eshop\/wp-json\/wp\/v2\/product\/312","targetHints":{"allow":["GET"]}}],"collection":[{"href":"https:\/\/www.eBai.cz\/eshop\/wp-json\/wp\/v2\/product"}],"about":[{"href":"https:\/\/www.eBai.cz\/eshop\/wp-json\/wp\/v2\/types\/product"}],"replies":[{"embeddable":true,"href":"https:\/\/www.eBai.cz\/eshop\/wp-json\/wp\/v2\/comments?post=312"}],"wp:featuredmedia":[{"embeddable":true,"href":"https:\/\/www.eBai.cz\/eshop\/wp-json\/wp\/v2\/media\/313"}],"wp:attachment":[{"href":"https:\/\/www.eBai.cz\/eshop\/wp-json\/wp\/v2\/media?parent=312"}],"wp:term":[{"taxonomy":"product_brand","embeddable":true,"href":"https:\/\/www.eBai.cz\/eshop\/wp-json\/wp\/v2\/product_brand?post=312"},{"taxonomy":"product_cat","embeddable":true,"href":"https:\/\/www.eBai.cz\/eshop\/wp-json\/wp\/v2\/product_cat?post=312"},{"taxonomy":"product_tag","embeddable":true,"href":"https:\/\/www.eBai.cz\/eshop\/wp-json\/wp\/v2\/product_tag?post=312"}],"curies":[{"name":"wp","href":"https:\/\/api.w.org\/{rel}","templated":true}]}}