{"id":310,"date":"2020-02-11T23:08:39","date_gmt":"2020-02-11T22:08:39","guid":{"rendered":"https:\/\/www.eBai.cz\/eshop\/?post_type=product&#038;p=310"},"modified":"2025-03-03T23:10:52","modified_gmt":"2025-03-03T22:10:52","slug":"survival-mikro-oranzovy-nuz-na-preziti-7cm","status":"publish","type":"product","link":"https:\/\/www.eBai.cz\/eshop\/produkt\/survival-mikro-oranzovy-nuz-na-preziti-7cm\/","title":{"rendered":"Survival mikro oran\u017eov\u00fd n\u016f\u017e na p\u0159e\u017eit\u00ed 7cm"},"content":{"rendered":"<p>Survival mikro oran\u017eov\u00fd n\u016f\u017e na p\u0159e\u017eit\u00ed 7cm, se \u0161\u0148\u016frkou na krk.<\/p>\n<p>P\u0159ipevn\u011bn\u00ed na batoh, krk, opasek<\/p>\n","protected":false},"excerpt":{"rendered":"<p>Survival mikro oran\u017eov\u00fd n\u016f\u017e na p\u0159e\u017eit\u00ed 7cm, se \u0161\u0148\u016frkou na krk. P\u0159ipevn\u011bn\u00ed na batoh, krk, opasek<\/p>\n","protected":false},"featured_media":311,"comment_status":"open","ping_status":"closed","template":"","meta":[],"product_brand":[],"product_cat":[19],"product_tag":[],"class_list":{"0":"post-310","1":"product","2":"type-product","3":"status-publish","4":"has-post-thumbnail","6":"product_cat-survival","8":"first","9":"instock","10":"sale","11":"taxable","12":"shipping-taxable","13":"purchasable","14":"product-type-simple"},"jetpack_sharing_enabled":true,"_links":{"self":[{"href":"https:\/\/www.eBai.cz\/eshop\/wp-json\/wp\/v2\/product\/310","targetHints":{"allow":["GET"]}}],"collection":[{"href":"https:\/\/www.eBai.cz\/eshop\/wp-json\/wp\/v2\/product"}],"about":[{"href":"https:\/\/www.eBai.cz\/eshop\/wp-json\/wp\/v2\/types\/product"}],"replies":[{"embeddable":true,"href":"https:\/\/www.eBai.cz\/eshop\/wp-json\/wp\/v2\/comments?post=310"}],"wp:featuredmedia":[{"embeddable":true,"href":"https:\/\/www.eBai.cz\/eshop\/wp-json\/wp\/v2\/media\/311"}],"wp:attachment":[{"href":"https:\/\/www.eBai.cz\/eshop\/wp-json\/wp\/v2\/media?parent=310"}],"wp:term":[{"taxonomy":"product_brand","embeddable":true,"href":"https:\/\/www.eBai.cz\/eshop\/wp-json\/wp\/v2\/product_brand?post=310"},{"taxonomy":"product_cat","embeddable":true,"href":"https:\/\/www.eBai.cz\/eshop\/wp-json\/wp\/v2\/product_cat?post=310"},{"taxonomy":"product_tag","embeddable":true,"href":"https:\/\/www.eBai.cz\/eshop\/wp-json\/wp\/v2\/product_tag?post=310"}],"curies":[{"name":"wp","href":"https:\/\/api.w.org\/{rel}","templated":true}]}}