{"id":308,"date":"2020-02-11T23:05:07","date_gmt":"2020-02-11T22:05:07","guid":{"rendered":"https:\/\/www.eBai.cz\/eshop\/?post_type=product&#038;p=308"},"modified":"2025-03-03T23:11:17","modified_gmt":"2025-03-03T22:11:17","slug":"survival-2x-sroubovak-na-klice-plochy-a-krizovy-phillips","status":"publish","type":"product","link":"https:\/\/www.eBai.cz\/eshop\/produkt\/survival-2x-sroubovak-na-klice-plochy-a-krizovy-phillips\/","title":{"rendered":"Survival 2x \u0161roubov\u00e1k na kl\u00ed\u010de ploch\u00fd a k\u0159\u00ed\u017eov\u00fd PHILLIPS"},"content":{"rendered":"<p>Survival 2x \u0161roubov\u00e1k na kl\u00ed\u010de ploch\u00fd a k\u0159\u00ed\u017eov\u00fd PHILLIPS<\/p>\n","protected":false},"excerpt":{"rendered":"<p>Survival 2x \u0161roubov\u00e1k na kl\u00ed\u010de ploch\u00fd a k\u0159\u00ed\u017eov\u00fd PHILLIPS<\/p>\n","protected":false},"featured_media":309,"comment_status":"open","ping_status":"closed","template":"","meta":[],"product_brand":[],"product_cat":[19],"product_tag":[],"class_list":{"0":"post-308","1":"product","2":"type-product","3":"status-publish","4":"has-post-thumbnail","6":"product_cat-survival","8":"first","9":"instock","10":"sale","11":"taxable","12":"shipping-taxable","13":"purchasable","14":"product-type-simple"},"jetpack_sharing_enabled":true,"_links":{"self":[{"href":"https:\/\/www.eBai.cz\/eshop\/wp-json\/wp\/v2\/product\/308","targetHints":{"allow":["GET"]}}],"collection":[{"href":"https:\/\/www.eBai.cz\/eshop\/wp-json\/wp\/v2\/product"}],"about":[{"href":"https:\/\/www.eBai.cz\/eshop\/wp-json\/wp\/v2\/types\/product"}],"replies":[{"embeddable":true,"href":"https:\/\/www.eBai.cz\/eshop\/wp-json\/wp\/v2\/comments?post=308"}],"wp:featuredmedia":[{"embeddable":true,"href":"https:\/\/www.eBai.cz\/eshop\/wp-json\/wp\/v2\/media\/309"}],"wp:attachment":[{"href":"https:\/\/www.eBai.cz\/eshop\/wp-json\/wp\/v2\/media?parent=308"}],"wp:term":[{"taxonomy":"product_brand","embeddable":true,"href":"https:\/\/www.eBai.cz\/eshop\/wp-json\/wp\/v2\/product_brand?post=308"},{"taxonomy":"product_cat","embeddable":true,"href":"https:\/\/www.eBai.cz\/eshop\/wp-json\/wp\/v2\/product_cat?post=308"},{"taxonomy":"product_tag","embeddable":true,"href":"https:\/\/www.eBai.cz\/eshop\/wp-json\/wp\/v2\/product_tag?post=308"}],"curies":[{"name":"wp","href":"https:\/\/api.w.org\/{rel}","templated":true}]}}