{"id":294,"date":"2020-02-11T22:41:40","date_gmt":"2020-02-11T21:41:40","guid":{"rendered":"https:\/\/www.eBai.cz\/eshop\/?post_type=product&#038;p=294"},"modified":"2025-03-03T23:01:33","modified_gmt":"2025-03-03T22:01:33","slug":"survival-sada-na-preziti-lankova-pila-na-drevo-dvojity-drzak","status":"publish","type":"product","link":"https:\/\/www.eBai.cz\/eshop\/produkt\/survival-sada-na-preziti-lankova-pila-na-drevo-dvojity-drzak\/","title":{"rendered":"Survival Sada na p\u0159e\u017eit\u00ed lankov\u00e1 pila na d\u0159evo dvojit\u00fd dr\u017e\u00e1k"},"content":{"rendered":"<p>Vynikaj\u00edc\u00ed pomocn\u00edk na v\u00fdlet\u011b, kdy\u017e pot\u0159ebujete p\u0159e\u0159\u00edznout d\u0159evo. Velmi dob\u0159e skladn\u00e1 lankov\u00e1 pila.<\/p>\n<p>V nab\u00eddce m\u00e1me dal\u0161\u00ed t\u00e1bornick\u00e9 a survival n\u00e1stroje. Sta\u010d\u00ed jen vyhledat slovo &#8222;survival&#8220;.<\/p>\n","protected":false},"excerpt":{"rendered":"<p>Vynikaj\u00edc\u00ed pomocn\u00edk na v\u00fdlet\u011b, kdy\u017e pot\u0159ebujete p\u0159e\u0159\u00edznout d\u0159evo. Velmi dob\u0159e skladn\u00e1 lankov\u00e1 pila. V nab\u00eddce m\u00e1me dal\u0161\u00ed t\u00e1bornick\u00e9 a survival n\u00e1stroje. Sta\u010d\u00ed jen vyhledat slovo &#8222;survival&#8220;.<\/p>\n","protected":false},"featured_media":295,"comment_status":"open","ping_status":"closed","template":"","meta":[],"product_brand":[],"product_cat":[19],"product_tag":[],"class_list":{"0":"post-294","1":"product","2":"type-product","3":"status-publish","4":"has-post-thumbnail","6":"product_cat-survival","8":"first","9":"instock","10":"sale","11":"taxable","12":"shipping-taxable","13":"purchasable","14":"product-type-simple"},"jetpack_sharing_enabled":true,"_links":{"self":[{"href":"https:\/\/www.eBai.cz\/eshop\/wp-json\/wp\/v2\/product\/294","targetHints":{"allow":["GET"]}}],"collection":[{"href":"https:\/\/www.eBai.cz\/eshop\/wp-json\/wp\/v2\/product"}],"about":[{"href":"https:\/\/www.eBai.cz\/eshop\/wp-json\/wp\/v2\/types\/product"}],"replies":[{"embeddable":true,"href":"https:\/\/www.eBai.cz\/eshop\/wp-json\/wp\/v2\/comments?post=294"}],"wp:featuredmedia":[{"embeddable":true,"href":"https:\/\/www.eBai.cz\/eshop\/wp-json\/wp\/v2\/media\/295"}],"wp:attachment":[{"href":"https:\/\/www.eBai.cz\/eshop\/wp-json\/wp\/v2\/media?parent=294"}],"wp:term":[{"taxonomy":"product_brand","embeddable":true,"href":"https:\/\/www.eBai.cz\/eshop\/wp-json\/wp\/v2\/product_brand?post=294"},{"taxonomy":"product_cat","embeddable":true,"href":"https:\/\/www.eBai.cz\/eshop\/wp-json\/wp\/v2\/product_cat?post=294"},{"taxonomy":"product_tag","embeddable":true,"href":"https:\/\/www.eBai.cz\/eshop\/wp-json\/wp\/v2\/product_tag?post=294"}],"curies":[{"name":"wp","href":"https:\/\/api.w.org\/{rel}","templated":true}]}}