{"id":288,"date":"2020-02-11T22:34:38","date_gmt":"2020-02-11T21:34:38","guid":{"rendered":"https:\/\/www.eBai.cz\/eshop\/?post_type=product&#038;p=288"},"modified":"2023-12-21T19:25:05","modified_gmt":"2023-12-21T18:25:05","slug":"survival-sada-na-preziti-karta-skladaci-nuz","status":"publish","type":"product","link":"https:\/\/www.eBai.cz\/eshop\/produkt\/survival-sada-na-preziti-karta-skladaci-nuz\/","title":{"rendered":"Survival Sada na p\u0159e\u017eit\u00ed karta &#8211; skl\u00e1dac\u00ed n\u016f\u017e"},"content":{"rendered":"<p>Vynikaj\u00edc\u00ed pomocn\u00edk na v\u00fdlet\u011b, p\u0159i poru\u0161e auta, v kancel\u00e1\u0159i.<\/p>\n<p>Nen\u00ed pot\u0159eba m\u00edt poruce \u017e\u00e1dn\u00fd n\u016f\u017e. Sta\u010d\u00ed vyndat z pen\u011b\u017eenky tuto survival kartu, n\u016f\u017e si poskl\u00e1dat a probl\u00e9m jednodu\u0161e vy\u0159e\u0161it!<\/p>\n<p>V pen\u011b\u017eence zabere m\u00edsto jako oby\u010dejn\u00e1 kreditka, ani nepozn\u00e1te, \u017ee ho m\u00e1te u sebe dokud ho nebudete pot\u0159ebovat!<\/p>\n<p>V nab\u00eddce m\u00e1me dal\u0161\u00ed t\u00e1bornick\u00e9 a survival n\u00e1stroje. Sta\u010d\u00ed jen vyhledat slovo &#8222;survival&#8220;.<\/p>\n","protected":false},"excerpt":{"rendered":"<p>Vynikaj\u00edc\u00ed pomocn\u00edk na v\u00fdlet\u011b, p\u0159i poru\u0161e auta, v kancel\u00e1\u0159i. Nen\u00ed pot\u0159eba m\u00edt poruce \u017e\u00e1dn\u00fd n\u016f\u017e. Sta\u010d\u00ed vyndat z pen\u011b\u017eenky tuto survival kartu, n\u016f\u017e si poskl\u00e1dat a probl\u00e9m jednodu\u0161e vy\u0159e\u0161it! V pen\u011b\u017eence zabere m\u00edsto jako oby\u010dejn\u00e1 kreditka, ani nepozn\u00e1te, \u017ee ho m\u00e1te u sebe dokud ho nebudete pot\u0159ebovat! V nab\u00eddce m\u00e1me dal\u0161\u00ed t\u00e1bornick\u00e9 a survival n\u00e1stroje. [&hellip;]<\/p>\n","protected":false},"featured_media":289,"comment_status":"open","ping_status":"closed","template":"","meta":[],"product_brand":[],"product_cat":[19],"product_tag":[],"class_list":{"0":"post-288","1":"product","2":"type-product","3":"status-publish","4":"has-post-thumbnail","6":"product_cat-survival","8":"first","9":"instock","10":"taxable","11":"shipping-taxable","12":"purchasable","13":"product-type-simple"},"jetpack_sharing_enabled":true,"_links":{"self":[{"href":"https:\/\/www.eBai.cz\/eshop\/wp-json\/wp\/v2\/product\/288","targetHints":{"allow":["GET"]}}],"collection":[{"href":"https:\/\/www.eBai.cz\/eshop\/wp-json\/wp\/v2\/product"}],"about":[{"href":"https:\/\/www.eBai.cz\/eshop\/wp-json\/wp\/v2\/types\/product"}],"replies":[{"embeddable":true,"href":"https:\/\/www.eBai.cz\/eshop\/wp-json\/wp\/v2\/comments?post=288"}],"wp:featuredmedia":[{"embeddable":true,"href":"https:\/\/www.eBai.cz\/eshop\/wp-json\/wp\/v2\/media\/289"}],"wp:attachment":[{"href":"https:\/\/www.eBai.cz\/eshop\/wp-json\/wp\/v2\/media?parent=288"}],"wp:term":[{"taxonomy":"product_brand","embeddable":true,"href":"https:\/\/www.eBai.cz\/eshop\/wp-json\/wp\/v2\/product_brand?post=288"},{"taxonomy":"product_cat","embeddable":true,"href":"https:\/\/www.eBai.cz\/eshop\/wp-json\/wp\/v2\/product_cat?post=288"},{"taxonomy":"product_tag","embeddable":true,"href":"https:\/\/www.eBai.cz\/eshop\/wp-json\/wp\/v2\/product_tag?post=288"}],"curies":[{"name":"wp","href":"https:\/\/api.w.org\/{rel}","templated":true}]}}