{"id":281,"date":"2020-02-11T22:08:26","date_gmt":"2020-02-11T21:08:26","guid":{"rendered":"https:\/\/www.eBai.cz\/eshop\/?post_type=product&#038;p=281"},"modified":"2020-02-11T22:10:05","modified_gmt":"2020-02-11T21:10:05","slug":"mango-zelena-sklenena-dekorace","status":"publish","type":"product","link":"https:\/\/www.eBai.cz\/eshop\/produkt\/mango-zelena-sklenena-dekorace\/","title":{"rendered":"Mango zelen\u00e1 sklen\u011bn\u00e1 dekorace"},"content":{"rendered":"<p>Mango zelen\u00e1 a\u017e do \u010derna sklen\u011bn\u00e1 dekorace, ka\u017ed\u00fd kus je origin\u00e1l, vhodn\u00e1 kombinace s hru\u0161kou viz foto, velikost 11cm<\/p>\n","protected":false},"excerpt":{"rendered":"<p>Mango zelen\u00e1 a\u017e do \u010derna sklen\u011bn\u00e1 dekorace, ka\u017ed\u00fd kus je origin\u00e1l, vhodn\u00e1 kombinace s hru\u0161kou viz foto, velikost 11cm<\/p>\n","protected":false},"featured_media":280,"comment_status":"open","ping_status":"closed","template":"","meta":[],"product_brand":[],"product_cat":[26],"product_tag":[],"class_list":{"0":"post-281","1":"product","2":"type-product","3":"status-publish","4":"has-post-thumbnail","6":"product_cat-darky","8":"first","9":"instock","10":"sale","11":"taxable","12":"shipping-taxable","13":"purchasable","14":"product-type-simple"},"jetpack_sharing_enabled":true,"_links":{"self":[{"href":"https:\/\/www.eBai.cz\/eshop\/wp-json\/wp\/v2\/product\/281","targetHints":{"allow":["GET"]}}],"collection":[{"href":"https:\/\/www.eBai.cz\/eshop\/wp-json\/wp\/v2\/product"}],"about":[{"href":"https:\/\/www.eBai.cz\/eshop\/wp-json\/wp\/v2\/types\/product"}],"replies":[{"embeddable":true,"href":"https:\/\/www.eBai.cz\/eshop\/wp-json\/wp\/v2\/comments?post=281"}],"wp:featuredmedia":[{"embeddable":true,"href":"https:\/\/www.eBai.cz\/eshop\/wp-json\/wp\/v2\/media\/280"}],"wp:attachment":[{"href":"https:\/\/www.eBai.cz\/eshop\/wp-json\/wp\/v2\/media?parent=281"}],"wp:term":[{"taxonomy":"product_brand","embeddable":true,"href":"https:\/\/www.eBai.cz\/eshop\/wp-json\/wp\/v2\/product_brand?post=281"},{"taxonomy":"product_cat","embeddable":true,"href":"https:\/\/www.eBai.cz\/eshop\/wp-json\/wp\/v2\/product_cat?post=281"},{"taxonomy":"product_tag","embeddable":true,"href":"https:\/\/www.eBai.cz\/eshop\/wp-json\/wp\/v2\/product_tag?post=281"}],"curies":[{"name":"wp","href":"https:\/\/api.w.org\/{rel}","templated":true}]}}