{"id":272,"date":"2020-02-11T21:39:55","date_gmt":"2020-02-11T20:39:55","guid":{"rendered":"https:\/\/www.eBai.cz\/eshop\/?post_type=product&#038;p=272"},"modified":"2023-08-24T15:27:41","modified_gmt":"2023-08-24T13:27:41","slug":"solarni-hracka-zviratko-meloun-12cm","status":"publish","type":"product","link":"https:\/\/www.eBai.cz\/eshop\/produkt\/solarni-hracka-zviratko-meloun-12cm\/","title":{"rendered":"Sol\u00e1rn\u00ed hra\u010dka zv\u00ed\u0159\u00e1tko &#8211; meloun 12cm"},"content":{"rendered":"<p>Sol\u00e1rn\u00ed hra\u010dka zv\u00ed\u0159\u00e1tko my\u0161ka<\/p>\n<p>Nev\u0161edn\u00ed d\u00e1rek k sv\u00e1tku nebo narozenin\u00e1m: darujte sol\u00e1rn\u00ed zv\u00ed\u0159\u00e1tko, ud\u011bl\u00e1 velikou radost jak d\u00edt\u011bti tak i dosp\u011bl\u00e9mu!!<\/p>\n<p>nepot\u0159ebuje baterie je nap\u00e1jeno ze sv\u011btla, tento d\u00e1rek pot\u011b\u0161\u00ed ka\u017ed\u00e9ho, velmi mil\u00fd d\u00e1rek<\/p>\n<p>video m\u016f\u017eete shl\u00e9dnout zde:<\/p>\n<p><iframe loading=\"lazy\" src=\"https:\/\/www.youtube.com\/embed\/D4uTscl58DY\" width=\"560\" height=\"315\" frameborder=\"0\" allowfullscreen=\"allowfullscreen\"><\/iframe><\/p>\n","protected":false},"excerpt":{"rendered":"<p>Sol\u00e1rn\u00ed hra\u010dka zv\u00ed\u0159\u00e1tko my\u0161ka Nev\u0161edn\u00ed d\u00e1rek k sv\u00e1tku nebo narozenin\u00e1m: darujte sol\u00e1rn\u00ed zv\u00ed\u0159\u00e1tko, ud\u011bl\u00e1 velikou radost jak d\u00edt\u011bti tak i dosp\u011bl\u00e9mu!! nepot\u0159ebuje baterie je nap\u00e1jeno ze sv\u011btla, tento d\u00e1rek pot\u011b\u0161\u00ed ka\u017ed\u00e9ho, velmi mil\u00fd d\u00e1rek video m\u016f\u017eete shl\u00e9dnout zde:<\/p>\n","protected":false},"featured_media":347,"comment_status":"open","ping_status":"closed","template":"","meta":[],"product_brand":[],"product_cat":[26],"product_tag":[],"class_list":{"0":"post-272","1":"product","2":"type-product","3":"status-publish","4":"has-post-thumbnail","6":"product_cat-darky","8":"first","9":"instock","10":"taxable","11":"shipping-taxable","12":"purchasable","13":"product-type-simple"},"jetpack_sharing_enabled":true,"_links":{"self":[{"href":"https:\/\/www.eBai.cz\/eshop\/wp-json\/wp\/v2\/product\/272","targetHints":{"allow":["GET"]}}],"collection":[{"href":"https:\/\/www.eBai.cz\/eshop\/wp-json\/wp\/v2\/product"}],"about":[{"href":"https:\/\/www.eBai.cz\/eshop\/wp-json\/wp\/v2\/types\/product"}],"replies":[{"embeddable":true,"href":"https:\/\/www.eBai.cz\/eshop\/wp-json\/wp\/v2\/comments?post=272"}],"wp:featuredmedia":[{"embeddable":true,"href":"https:\/\/www.eBai.cz\/eshop\/wp-json\/wp\/v2\/media\/347"}],"wp:attachment":[{"href":"https:\/\/www.eBai.cz\/eshop\/wp-json\/wp\/v2\/media?parent=272"}],"wp:term":[{"taxonomy":"product_brand","embeddable":true,"href":"https:\/\/www.eBai.cz\/eshop\/wp-json\/wp\/v2\/product_brand?post=272"},{"taxonomy":"product_cat","embeddable":true,"href":"https:\/\/www.eBai.cz\/eshop\/wp-json\/wp\/v2\/product_cat?post=272"},{"taxonomy":"product_tag","embeddable":true,"href":"https:\/\/www.eBai.cz\/eshop\/wp-json\/wp\/v2\/product_tag?post=272"}],"curies":[{"name":"wp","href":"https:\/\/api.w.org\/{rel}","templated":true}]}}