{"id":260,"date":"2020-02-11T21:16:29","date_gmt":"2020-02-11T20:16:29","guid":{"rendered":"https:\/\/www.eBai.cz\/eshop\/?post_type=product&#038;p=260"},"modified":"2020-02-11T21:17:00","modified_gmt":"2020-02-11T20:17:00","slug":"handsfree-fm-transmitter-bluetooth-mp3-prehravac-2x-usb-msdkarta","status":"publish","type":"product","link":"https:\/\/www.eBai.cz\/eshop\/produkt\/handsfree-fm-transmitter-bluetooth-mp3-prehravac-2x-usb-msdkarta\/","title":{"rendered":"Handsfree FM transmitter Bluetooth MP3 p\u0159ehr\u00e1va\u010d 2x USB mSDkarta"},"content":{"rendered":"<p>Handsfree p\u0159ehr\u00e1va\u010d do r\u00e1dia FM transmitter<br \/>\nRozsah volen\u00ed FM p\u0159enosu je v cel\u00e9m p\u00e1smu 87-108 (po desetin\u011b)<br \/>\nBluetooth 4.0<br \/>\nMP3 p\u0159ehr\u00e1va\u010d p\u0159es telefon nebo micro SD kartu<br \/>\nnab\u00edjen\u00ed 2x USB<br \/>\nt\u0159i tla\u010d\u00edtka multifunk\u010dn\u00ed p\u0159ijmut\u00ed hovoru, tla\u010d\u00edtko dop\u0159edu a dozadu, tak\u00e9 multifunk\u010dn\u00ed.<\/p>\n","protected":false},"excerpt":{"rendered":"<p>Handsfree p\u0159ehr\u00e1va\u010d do r\u00e1dia FM transmitter Rozsah volen\u00ed FM p\u0159enosu je v cel\u00e9m p\u00e1smu 87-108 (po desetin\u011b) Bluetooth 4.0 MP3 p\u0159ehr\u00e1va\u010d p\u0159es telefon nebo micro SD kartu nab\u00edjen\u00ed 2x USB t\u0159i tla\u010d\u00edtka multifunk\u010dn\u00ed p\u0159ijmut\u00ed hovoru, tla\u010d\u00edtko dop\u0159edu a dozadu, tak\u00e9 multifunk\u010dn\u00ed.<\/p>\n","protected":false},"featured_media":261,"comment_status":"open","ping_status":"closed","template":"","meta":[],"product_brand":[],"product_cat":[33],"product_tag":[],"class_list":{"0":"post-260","1":"product","2":"type-product","3":"status-publish","4":"has-post-thumbnail","6":"product_cat-pro-auto","8":"first","9":"instock","10":"taxable","11":"shipping-taxable","12":"purchasable","13":"product-type-simple"},"jetpack_sharing_enabled":true,"_links":{"self":[{"href":"https:\/\/www.eBai.cz\/eshop\/wp-json\/wp\/v2\/product\/260","targetHints":{"allow":["GET"]}}],"collection":[{"href":"https:\/\/www.eBai.cz\/eshop\/wp-json\/wp\/v2\/product"}],"about":[{"href":"https:\/\/www.eBai.cz\/eshop\/wp-json\/wp\/v2\/types\/product"}],"replies":[{"embeddable":true,"href":"https:\/\/www.eBai.cz\/eshop\/wp-json\/wp\/v2\/comments?post=260"}],"wp:featuredmedia":[{"embeddable":true,"href":"https:\/\/www.eBai.cz\/eshop\/wp-json\/wp\/v2\/media\/261"}],"wp:attachment":[{"href":"https:\/\/www.eBai.cz\/eshop\/wp-json\/wp\/v2\/media?parent=260"}],"wp:term":[{"taxonomy":"product_brand","embeddable":true,"href":"https:\/\/www.eBai.cz\/eshop\/wp-json\/wp\/v2\/product_brand?post=260"},{"taxonomy":"product_cat","embeddable":true,"href":"https:\/\/www.eBai.cz\/eshop\/wp-json\/wp\/v2\/product_cat?post=260"},{"taxonomy":"product_tag","embeddable":true,"href":"https:\/\/www.eBai.cz\/eshop\/wp-json\/wp\/v2\/product_tag?post=260"}],"curies":[{"name":"wp","href":"https:\/\/api.w.org\/{rel}","templated":true}]}}