{"id":249,"date":"2020-02-11T20:59:54","date_gmt":"2020-02-11T19:59:54","guid":{"rendered":"https:\/\/www.eBai.cz\/eshop\/?post_type=product&#038;p=249"},"modified":"2025-03-01T17:44:09","modified_gmt":"2025-03-01T16:44:09","slug":"lcd-digitalni-mini-vaha-od-01g-do-2kg","status":"publish","type":"product","link":"https:\/\/www.eBai.cz\/eshop\/produkt\/lcd-digitalni-mini-vaha-od-01g-do-2kg\/","title":{"rendered":"LCD Digit\u00e1ln\u00ed mini v\u00e1ha od 0,1g do 2kg"},"content":{"rendered":"<p>Digit\u00e1ln\u00ed stoln\u00ed mini v\u00e1ha do kapsy<\/p>\n<p>Parametry:<br \/>\nMax z\u00e1t\u011b\u017e: 2000g (2kg)<br \/>\nMin rozli\u0161en\u00ed: 0,1g<br \/>\nvelikost: 11,4cm \u00d7 7,6cm \u00d7 2cm<br \/>\nJednotky: g, oz, ct, ozt, dwt<br \/>\nMo\u017enost t\u00e1ry<br \/>\nMod\u0159e podsv\u00edcen\u00fd LCD<br \/>\nAuto power off funkce<br \/>\nNap\u00e1jen\u00ed: 2 \u00d7 1,5V AAA baterie (nen\u00ed sou\u010d\u00e1st\u00ed balen\u00ed)<br \/>\nv p\u0159\u00edpad\u011b pot\u0159eby p\u0159idejte do ko\u0161\u00edku 2 baterie:<br \/>\nAAA 1,5V baterie<\/p>\n","protected":false},"excerpt":{"rendered":"<p>Digit\u00e1ln\u00ed stoln\u00ed mini v\u00e1ha do kapsy Parametry: Max z\u00e1t\u011b\u017e: 2000g (2kg) Min rozli\u0161en\u00ed: 0,1g velikost: 11,4cm \u00d7 7,6cm \u00d7 2cm Jednotky: g, oz, ct, ozt, dwt Mo\u017enost t\u00e1ry Mod\u0159e podsv\u00edcen\u00fd LCD Auto power off funkce Nap\u00e1jen\u00ed: 2 \u00d7 1,5V AAA baterie (nen\u00ed sou\u010d\u00e1st\u00ed balen\u00ed) v p\u0159\u00edpad\u011b pot\u0159eby p\u0159idejte do ko\u0161\u00edku 2 baterie: AAA 1,5V baterie<\/p>\n","protected":false},"featured_media":349,"comment_status":"open","ping_status":"closed","template":"","meta":[],"product_brand":[],"product_cat":[39],"product_tag":[],"class_list":{"0":"post-249","1":"product","2":"type-product","3":"status-publish","4":"has-post-thumbnail","6":"product_cat-vahy","8":"first","9":"instock","10":"sale","11":"taxable","12":"shipping-taxable","13":"purchasable","14":"product-type-simple"},"jetpack_sharing_enabled":true,"_links":{"self":[{"href":"https:\/\/www.eBai.cz\/eshop\/wp-json\/wp\/v2\/product\/249","targetHints":{"allow":["GET"]}}],"collection":[{"href":"https:\/\/www.eBai.cz\/eshop\/wp-json\/wp\/v2\/product"}],"about":[{"href":"https:\/\/www.eBai.cz\/eshop\/wp-json\/wp\/v2\/types\/product"}],"replies":[{"embeddable":true,"href":"https:\/\/www.eBai.cz\/eshop\/wp-json\/wp\/v2\/comments?post=249"}],"wp:featuredmedia":[{"embeddable":true,"href":"https:\/\/www.eBai.cz\/eshop\/wp-json\/wp\/v2\/media\/349"}],"wp:attachment":[{"href":"https:\/\/www.eBai.cz\/eshop\/wp-json\/wp\/v2\/media?parent=249"}],"wp:term":[{"taxonomy":"product_brand","embeddable":true,"href":"https:\/\/www.eBai.cz\/eshop\/wp-json\/wp\/v2\/product_brand?post=249"},{"taxonomy":"product_cat","embeddable":true,"href":"https:\/\/www.eBai.cz\/eshop\/wp-json\/wp\/v2\/product_cat?post=249"},{"taxonomy":"product_tag","embeddable":true,"href":"https:\/\/www.eBai.cz\/eshop\/wp-json\/wp\/v2\/product_tag?post=249"}],"curies":[{"name":"wp","href":"https:\/\/api.w.org\/{rel}","templated":true}]}}