{"id":241,"date":"2020-02-11T20:48:42","date_gmt":"2020-02-11T19:48:42","guid":{"rendered":"https:\/\/www.eBai.cz\/eshop\/?post_type=product&#038;p=241"},"modified":"2020-02-11T20:48:42","modified_gmt":"2020-02-11T19:48:42","slug":"usb-zapalovac-nabijeci-bez-plynu-a-benzinu","status":"publish","type":"product","link":"https:\/\/www.eBai.cz\/eshop\/produkt\/usb-zapalovac-nabijeci-bez-plynu-a-benzinu\/","title":{"rendered":"USB zapalova\u010d nab\u00edjec\u00ed bez plynu a benz\u00ednu"},"content":{"rendered":"<p>Nab\u00edjec\u00ed zapalova\u010d p\u0159es USB, kter\u00fd ve v\u011btru nezhasne<\/p>\n","protected":false},"excerpt":{"rendered":"<p>Nab\u00edjec\u00ed zapalova\u010d p\u0159es USB, kter\u00fd ve v\u011btru nezhasne<\/p>\n","protected":false},"featured_media":244,"comment_status":"open","ping_status":"closed","template":"","meta":[],"product_brand":[],"product_cat":[17,19],"product_tag":[],"class_list":{"0":"post-241","1":"product","2":"type-product","3":"status-publish","4":"has-post-thumbnail","6":"product_cat-elektronika","7":"product_cat-survival","9":"first","10":"instock","11":"taxable","12":"shipping-taxable","13":"purchasable","14":"product-type-simple"},"jetpack_sharing_enabled":true,"_links":{"self":[{"href":"https:\/\/www.eBai.cz\/eshop\/wp-json\/wp\/v2\/product\/241","targetHints":{"allow":["GET"]}}],"collection":[{"href":"https:\/\/www.eBai.cz\/eshop\/wp-json\/wp\/v2\/product"}],"about":[{"href":"https:\/\/www.eBai.cz\/eshop\/wp-json\/wp\/v2\/types\/product"}],"replies":[{"embeddable":true,"href":"https:\/\/www.eBai.cz\/eshop\/wp-json\/wp\/v2\/comments?post=241"}],"wp:featuredmedia":[{"embeddable":true,"href":"https:\/\/www.eBai.cz\/eshop\/wp-json\/wp\/v2\/media\/244"}],"wp:attachment":[{"href":"https:\/\/www.eBai.cz\/eshop\/wp-json\/wp\/v2\/media?parent=241"}],"wp:term":[{"taxonomy":"product_brand","embeddable":true,"href":"https:\/\/www.eBai.cz\/eshop\/wp-json\/wp\/v2\/product_brand?post=241"},{"taxonomy":"product_cat","embeddable":true,"href":"https:\/\/www.eBai.cz\/eshop\/wp-json\/wp\/v2\/product_cat?post=241"},{"taxonomy":"product_tag","embeddable":true,"href":"https:\/\/www.eBai.cz\/eshop\/wp-json\/wp\/v2\/product_tag?post=241"}],"curies":[{"name":"wp","href":"https:\/\/api.w.org\/{rel}","templated":true}]}}