{"id":200,"date":"2020-02-11T00:03:09","date_gmt":"2020-02-10T23:03:09","guid":{"rendered":"https:\/\/www.eBai.cz\/eshop\/?post_type=product&#038;p=200"},"modified":"2020-02-13T12:40:02","modified_gmt":"2020-02-13T11:40:02","slug":"antistaticka-podlozka-mala-s-prepazkami-35x25cm","status":"publish","type":"product","link":"https:\/\/www.eBai.cz\/eshop\/produkt\/antistaticka-podlozka-mala-s-prepazkami-35x25cm\/","title":{"rendered":"Antistatick\u00e1 podlo\u017eka mal\u00e1 s p\u0159ep\u00e1\u017ekami 35x25cm"},"content":{"rendered":"<p>Antistatick\u00e1 podlo\u017eka s o\u010d\u00edslovan\u00fdmi p\u0159ep\u00e1\u017ekami<br \/>\nvelikost: 35\u00d725cm, tlou\u0161\u0165ka 2 mm<\/p>\n","protected":false},"excerpt":{"rendered":"<p>Antistatick\u00e1 podlo\u017eka s o\u010d\u00edslovan\u00fdmi p\u0159ep\u00e1\u017ekami velikost: 35\u00d725cm, tlou\u0161\u0165ka 2 mm<\/p>\n","protected":false},"featured_media":198,"comment_status":"open","ping_status":"closed","template":"","meta":[],"product_brand":[],"product_cat":[35,29],"product_tag":[],"class_list":{"0":"post-200","1":"product","2":"type-product","3":"status-publish","4":"has-post-thumbnail","6":"product_cat-opravne-sady","7":"product_cat-nastroje","9":"first","10":"instock","11":"taxable","12":"shipping-taxable","13":"purchasable","14":"product-type-simple"},"jetpack_sharing_enabled":true,"_links":{"self":[{"href":"https:\/\/www.eBai.cz\/eshop\/wp-json\/wp\/v2\/product\/200","targetHints":{"allow":["GET"]}}],"collection":[{"href":"https:\/\/www.eBai.cz\/eshop\/wp-json\/wp\/v2\/product"}],"about":[{"href":"https:\/\/www.eBai.cz\/eshop\/wp-json\/wp\/v2\/types\/product"}],"replies":[{"embeddable":true,"href":"https:\/\/www.eBai.cz\/eshop\/wp-json\/wp\/v2\/comments?post=200"}],"wp:featuredmedia":[{"embeddable":true,"href":"https:\/\/www.eBai.cz\/eshop\/wp-json\/wp\/v2\/media\/198"}],"wp:attachment":[{"href":"https:\/\/www.eBai.cz\/eshop\/wp-json\/wp\/v2\/media?parent=200"}],"wp:term":[{"taxonomy":"product_brand","embeddable":true,"href":"https:\/\/www.eBai.cz\/eshop\/wp-json\/wp\/v2\/product_brand?post=200"},{"taxonomy":"product_cat","embeddable":true,"href":"https:\/\/www.eBai.cz\/eshop\/wp-json\/wp\/v2\/product_cat?post=200"},{"taxonomy":"product_tag","embeddable":true,"href":"https:\/\/www.eBai.cz\/eshop\/wp-json\/wp\/v2\/product_tag?post=200"}],"curies":[{"name":"wp","href":"https:\/\/api.w.org\/{rel}","templated":true}]}}