{"id":199,"date":"2020-02-11T00:02:02","date_gmt":"2020-02-10T23:02:02","guid":{"rendered":"https:\/\/www.eBai.cz\/eshop\/?post_type=product&#038;p=199"},"modified":"2023-01-17T08:22:42","modified_gmt":"2023-01-17T07:22:42","slug":"antistaticka-podlozka-velka-40x30cm","status":"publish","type":"product","link":"https:\/\/www.eBai.cz\/eshop\/produkt\/antistaticka-podlozka-velka-40x30cm\/","title":{"rendered":"Antistatick\u00e1 podlo\u017eka velk\u00e1 40x30cm"},"content":{"rendered":"<p>Antistatick\u00e1 podlo\u017eka<br \/>\nvelikost: 40\u00d730cm, tlou\u0161\u0165ka 2 mm<\/p>\n","protected":false},"excerpt":{"rendered":"<p>Antistatick\u00e1 podlo\u017eka velikost: 40\u00d730cm, tlou\u0161\u0165ka 2 mm<\/p>\n","protected":false},"featured_media":197,"comment_status":"open","ping_status":"closed","template":"","meta":[],"product_brand":[],"product_cat":[35,29],"product_tag":[],"class_list":{"0":"post-199","1":"product","2":"type-product","3":"status-publish","4":"has-post-thumbnail","6":"product_cat-opravne-sady","7":"product_cat-nastroje","9":"first","10":"outofstock","11":"taxable","12":"shipping-taxable","13":"purchasable","14":"product-type-simple"},"jetpack_sharing_enabled":true,"_links":{"self":[{"href":"https:\/\/www.eBai.cz\/eshop\/wp-json\/wp\/v2\/product\/199","targetHints":{"allow":["GET"]}}],"collection":[{"href":"https:\/\/www.eBai.cz\/eshop\/wp-json\/wp\/v2\/product"}],"about":[{"href":"https:\/\/www.eBai.cz\/eshop\/wp-json\/wp\/v2\/types\/product"}],"replies":[{"embeddable":true,"href":"https:\/\/www.eBai.cz\/eshop\/wp-json\/wp\/v2\/comments?post=199"}],"wp:featuredmedia":[{"embeddable":true,"href":"https:\/\/www.eBai.cz\/eshop\/wp-json\/wp\/v2\/media\/197"}],"wp:attachment":[{"href":"https:\/\/www.eBai.cz\/eshop\/wp-json\/wp\/v2\/media?parent=199"}],"wp:term":[{"taxonomy":"product_brand","embeddable":true,"href":"https:\/\/www.eBai.cz\/eshop\/wp-json\/wp\/v2\/product_brand?post=199"},{"taxonomy":"product_cat","embeddable":true,"href":"https:\/\/www.eBai.cz\/eshop\/wp-json\/wp\/v2\/product_cat?post=199"},{"taxonomy":"product_tag","embeddable":true,"href":"https:\/\/www.eBai.cz\/eshop\/wp-json\/wp\/v2\/product_tag?post=199"}],"curies":[{"name":"wp","href":"https:\/\/api.w.org\/{rel}","templated":true}]}}