{"id":1871,"date":"2020-03-03T21:07:04","date_gmt":"2020-03-03T20:07:04","guid":{"rendered":"https:\/\/www.eBai.cz\/eshop\/?post_type=product&#038;p=1871"},"modified":"2021-01-19T21:04:02","modified_gmt":"2021-01-19T20:04:02","slug":"kamera-pro-mobil-tablet-inspekcni-endoskop-mikro-usb-otg-6led-2m","status":"publish","type":"product","link":"https:\/\/www.eBai.cz\/eshop\/produkt\/kamera-pro-mobil-tablet-inspekcni-endoskop-mikro-usb-otg-6led-2m\/","title":{"rendered":"Kamera pro mobil\/tablet inspek\u010dn\u00ed endoskop mikro USB\/full USB OTG 6LED 2m"},"content":{"rendered":"<p>Inspek\u010dn\u00ed kamera endoskop pro mobiln\u00ed telefon nebo tablet mikro USB 6LED 2m, mo\u017enost redukce na USB, nap\u00e1jen\u00ed z USB<\/p>\n<p>Kabel 2v1 mikro USB a full USB, mo\u017enost pou\u017e\u00edt jak mobil, tak i notebook.<\/p>\n","protected":false},"excerpt":{"rendered":"<p>Inspek\u010dn\u00ed kamera endoskop pro mobiln\u00ed telefon nebo tablet mikro USB 6LED 2m, mo\u017enost redukce na USB, nap\u00e1jen\u00ed z USB Kabel 2v1 mikro USB a full USB, mo\u017enost pou\u017e\u00edt jak mobil, tak i notebook.<\/p>\n","protected":false},"featured_media":5505,"comment_status":"open","ping_status":"closed","template":"","meta":[],"product_brand":[],"product_cat":[35,41],"product_tag":[],"class_list":{"0":"post-1871","1":"product","2":"type-product","3":"status-publish","4":"has-post-thumbnail","6":"product_cat-opravne-sady","7":"product_cat-zabezpeceni","9":"first","10":"outofstock","11":"sale","12":"taxable","13":"shipping-taxable","14":"purchasable","15":"product-type-simple"},"jetpack_sharing_enabled":true,"_links":{"self":[{"href":"https:\/\/www.eBai.cz\/eshop\/wp-json\/wp\/v2\/product\/1871","targetHints":{"allow":["GET"]}}],"collection":[{"href":"https:\/\/www.eBai.cz\/eshop\/wp-json\/wp\/v2\/product"}],"about":[{"href":"https:\/\/www.eBai.cz\/eshop\/wp-json\/wp\/v2\/types\/product"}],"replies":[{"embeddable":true,"href":"https:\/\/www.eBai.cz\/eshop\/wp-json\/wp\/v2\/comments?post=1871"}],"wp:featuredmedia":[{"embeddable":true,"href":"https:\/\/www.eBai.cz\/eshop\/wp-json\/wp\/v2\/media\/5505"}],"wp:attachment":[{"href":"https:\/\/www.eBai.cz\/eshop\/wp-json\/wp\/v2\/media?parent=1871"}],"wp:term":[{"taxonomy":"product_brand","embeddable":true,"href":"https:\/\/www.eBai.cz\/eshop\/wp-json\/wp\/v2\/product_brand?post=1871"},{"taxonomy":"product_cat","embeddable":true,"href":"https:\/\/www.eBai.cz\/eshop\/wp-json\/wp\/v2\/product_cat?post=1871"},{"taxonomy":"product_tag","embeddable":true,"href":"https:\/\/www.eBai.cz\/eshop\/wp-json\/wp\/v2\/product_tag?post=1871"}],"curies":[{"name":"wp","href":"https:\/\/api.w.org\/{rel}","templated":true}]}}