{"id":185,"date":"2020-02-10T23:47:41","date_gmt":"2020-02-10T22:47:41","guid":{"rendered":"https:\/\/www.eBai.cz\/eshop\/?post_type=product&#038;p=185"},"modified":"2021-04-13T17:24:02","modified_gmt":"2021-04-13T15:24:02","slug":"solarni-hracka-kyticka-kytka-kvetina-kvetinka-k-svatku-modra","status":"publish","type":"product","link":"https:\/\/www.eBai.cz\/eshop\/produkt\/solarni-hracka-kyticka-kytka-kvetina-kvetinka-k-svatku-modra\/","title":{"rendered":"Sol\u00e1rn\u00ed hra\u010dka kyti\u010dka kytka kv\u011btina kv\u011btinka k sv\u00e1tku &#8211; modr\u00e1"},"content":{"rendered":"<p>Sol\u00e1rn\u00ed hra\u010dka kyti\u010dka kytka kv\u011btina kv\u011btinka<\/p>\n<p>Nev\u0161edn\u00ed d\u00e1rek k sv\u00e1tku a narozenin\u00e1m: darujte sol\u00e1rn\u00ed kyti\u010dku, vydr\u017e\u00ed d\u00e9le ne\u017e \u0159ezan\u00e9 kv\u011btiny!!<\/p>\n<p>nepot\u0159ebuje baterie je nap\u00e1jena ze sv\u011btla, tento d\u00e1rek pot\u011b\u0161\u00ed ka\u017ed\u00e9ho, velmi mil\u00fd d\u00e1rek<\/p>\n<p><iframe loading=\"lazy\" src=\"https:\/\/www.youtube.com\/embed\/LqrSyrC22JU\" width=\"560\" height=\"315\" frameborder=\"0\" allowfullscreen=\"allowfullscreen\"><\/iframe><\/p>\n","protected":false},"excerpt":{"rendered":"<p>Sol\u00e1rn\u00ed hra\u010dka kyti\u010dka kytka kv\u011btina kv\u011btinka Nev\u0161edn\u00ed d\u00e1rek k sv\u00e1tku a narozenin\u00e1m: darujte sol\u00e1rn\u00ed kyti\u010dku, vydr\u017e\u00ed d\u00e9le ne\u017e \u0159ezan\u00e9 kv\u011btiny!! nepot\u0159ebuje baterie je nap\u00e1jena ze sv\u011btla, tento d\u00e1rek pot\u011b\u0161\u00ed ka\u017ed\u00e9ho, velmi mil\u00fd d\u00e1rek<\/p>\n","protected":false},"featured_media":352,"comment_status":"open","ping_status":"closed","template":"","meta":[],"product_brand":[],"product_cat":[26],"product_tag":[],"class_list":{"0":"post-185","1":"product","2":"type-product","3":"status-publish","4":"has-post-thumbnail","6":"product_cat-darky","8":"first","9":"outofstock","10":"sale","11":"taxable","12":"shipping-taxable","13":"purchasable","14":"product-type-simple"},"jetpack_sharing_enabled":true,"_links":{"self":[{"href":"https:\/\/www.eBai.cz\/eshop\/wp-json\/wp\/v2\/product\/185","targetHints":{"allow":["GET"]}}],"collection":[{"href":"https:\/\/www.eBai.cz\/eshop\/wp-json\/wp\/v2\/product"}],"about":[{"href":"https:\/\/www.eBai.cz\/eshop\/wp-json\/wp\/v2\/types\/product"}],"replies":[{"embeddable":true,"href":"https:\/\/www.eBai.cz\/eshop\/wp-json\/wp\/v2\/comments?post=185"}],"wp:featuredmedia":[{"embeddable":true,"href":"https:\/\/www.eBai.cz\/eshop\/wp-json\/wp\/v2\/media\/352"}],"wp:attachment":[{"href":"https:\/\/www.eBai.cz\/eshop\/wp-json\/wp\/v2\/media?parent=185"}],"wp:term":[{"taxonomy":"product_brand","embeddable":true,"href":"https:\/\/www.eBai.cz\/eshop\/wp-json\/wp\/v2\/product_brand?post=185"},{"taxonomy":"product_cat","embeddable":true,"href":"https:\/\/www.eBai.cz\/eshop\/wp-json\/wp\/v2\/product_cat?post=185"},{"taxonomy":"product_tag","embeddable":true,"href":"https:\/\/www.eBai.cz\/eshop\/wp-json\/wp\/v2\/product_tag?post=185"}],"curies":[{"name":"wp","href":"https:\/\/api.w.org\/{rel}","templated":true}]}}