{"id":18,"date":"2020-02-07T19:34:37","date_gmt":"2020-02-07T18:34:37","guid":{"rendered":"https:\/\/www.pecka.info\/wp\/?post_type=product&#038;p=18"},"modified":"2025-08-07T09:04:34","modified_gmt":"2025-08-07T07:04:34","slug":"tester-bazenove-vody-ph-meter-digitalni","status":"publish","type":"product","link":"https:\/\/www.eBai.cz\/eshop\/produkt\/tester-bazenove-vody-ph-meter-digitalni\/","title":{"rendered":"Tester baz\u00e9nov\u00e9 vody PH-meter digit\u00e1ln\u00ed"},"content":{"rendered":"<p>Tento tester umo\u017e\u0148uje orienta\u010dn\u00ed m\u011b\u0159en\u00ed PH vody jednoduch\u00fdm zp\u016fsobem, jednodu\u0161e pono\u0159\u00edte sondu do vody a zjist\u00edte p\u0159esn\u00e9 v\u00fdsledky. Je ide\u00e1ln\u00ed pro kontrolu vody va\u0161eho baz\u00e9nu, kdy se m\u016f\u017eete rozhodnout, zda je nutn\u00e9 p\u0159idat sodu nebo vodu v\u00edce okyselit. Nezbytn\u00e1 pom\u016fcka pro udr\u017een\u00ed kvality vody v baz\u00e9nu.<\/p>\n<p>Nap\u00e1jen\u00ed: 3\u00d71,5V baterie (LR44), nen\u00ed sou\u010d\u00e1st\u00ed balen\u00ed.<\/p>\n","protected":false},"excerpt":{"rendered":"<p>Tento tester umo\u017e\u0148uje orienta\u010dn\u00ed m\u011b\u0159en\u00ed PH vody jednoduch\u00fdm zp\u016fsobem, jednodu\u0161e pono\u0159\u00edte sondu do vody a zjist\u00edte p\u0159esn\u00e9 v\u00fdsledky. Je ide\u00e1ln\u00ed pro kontrolu vody va\u0161eho baz\u00e9nu, kdy se m\u016f\u017eete rozhodnout, zda je nutn\u00e9 p\u0159idat sodu nebo vodu v\u00edce okyselit. Nezbytn\u00e1 pom\u016fcka pro udr\u017een\u00ed kvality vody v baz\u00e9nu. Nap\u00e1jen\u00ed: 3\u00d71,5V baterie (LR44), nen\u00ed sou\u010d\u00e1st\u00ed balen\u00ed.<\/p>\n","protected":false},"featured_media":19,"comment_status":"open","ping_status":"closed","template":"","meta":[],"product_brand":[],"product_cat":[17],"product_tag":[],"class_list":{"0":"post-18","1":"product","2":"type-product","3":"status-publish","4":"has-post-thumbnail","6":"product_cat-elektronika","8":"first","9":"instock","10":"taxable","11":"shipping-taxable","12":"purchasable","13":"product-type-simple"},"jetpack_sharing_enabled":true,"_links":{"self":[{"href":"https:\/\/www.eBai.cz\/eshop\/wp-json\/wp\/v2\/product\/18","targetHints":{"allow":["GET"]}}],"collection":[{"href":"https:\/\/www.eBai.cz\/eshop\/wp-json\/wp\/v2\/product"}],"about":[{"href":"https:\/\/www.eBai.cz\/eshop\/wp-json\/wp\/v2\/types\/product"}],"replies":[{"embeddable":true,"href":"https:\/\/www.eBai.cz\/eshop\/wp-json\/wp\/v2\/comments?post=18"}],"wp:featuredmedia":[{"embeddable":true,"href":"https:\/\/www.eBai.cz\/eshop\/wp-json\/wp\/v2\/media\/19"}],"wp:attachment":[{"href":"https:\/\/www.eBai.cz\/eshop\/wp-json\/wp\/v2\/media?parent=18"}],"wp:term":[{"taxonomy":"product_brand","embeddable":true,"href":"https:\/\/www.eBai.cz\/eshop\/wp-json\/wp\/v2\/product_brand?post=18"},{"taxonomy":"product_cat","embeddable":true,"href":"https:\/\/www.eBai.cz\/eshop\/wp-json\/wp\/v2\/product_cat?post=18"},{"taxonomy":"product_tag","embeddable":true,"href":"https:\/\/www.eBai.cz\/eshop\/wp-json\/wp\/v2\/product_tag?post=18"}],"curies":[{"name":"wp","href":"https:\/\/api.w.org\/{rel}","templated":true}]}}