{"id":158,"date":"2020-02-10T17:43:12","date_gmt":"2020-02-10T16:43:12","guid":{"rendered":"https:\/\/www.eBai.cz\/eshop\/?post_type=product&#038;p=158"},"modified":"2025-03-03T23:03:41","modified_gmt":"2025-03-03T22:03:41","slug":"prak-14cm-kovovy-imitace-drevo","status":"publish","type":"product","link":"https:\/\/www.eBai.cz\/eshop\/produkt\/prak-14cm-kovovy-imitace-drevo\/","title":{"rendered":"Prak 14cm kovov\u00fd imitace d\u0159evo"},"content":{"rendered":"<p>Prak 14cm kovov\u00fd imitace d\u0159evo<\/p>\n<p>nutn\u00e9 dokoupit gumy<\/p>\n","protected":false},"excerpt":{"rendered":"<p>Prak 14cm kovov\u00fd imitace d\u0159evo nutn\u00e9 dokoupit gumy<\/p>\n","protected":false},"featured_media":13103,"comment_status":"open","ping_status":"closed","template":"","meta":[],"product_brand":[],"product_cat":[19],"product_tag":[],"class_list":{"0":"post-158","1":"product","2":"type-product","3":"status-publish","4":"has-post-thumbnail","6":"product_cat-survival","8":"first","9":"instock","10":"sale","11":"taxable","12":"shipping-taxable","13":"purchasable","14":"product-type-simple"},"jetpack_sharing_enabled":true,"_links":{"self":[{"href":"https:\/\/www.eBai.cz\/eshop\/wp-json\/wp\/v2\/product\/158","targetHints":{"allow":["GET"]}}],"collection":[{"href":"https:\/\/www.eBai.cz\/eshop\/wp-json\/wp\/v2\/product"}],"about":[{"href":"https:\/\/www.eBai.cz\/eshop\/wp-json\/wp\/v2\/types\/product"}],"replies":[{"embeddable":true,"href":"https:\/\/www.eBai.cz\/eshop\/wp-json\/wp\/v2\/comments?post=158"}],"wp:featuredmedia":[{"embeddable":true,"href":"https:\/\/www.eBai.cz\/eshop\/wp-json\/wp\/v2\/media\/13103"}],"wp:attachment":[{"href":"https:\/\/www.eBai.cz\/eshop\/wp-json\/wp\/v2\/media?parent=158"}],"wp:term":[{"taxonomy":"product_brand","embeddable":true,"href":"https:\/\/www.eBai.cz\/eshop\/wp-json\/wp\/v2\/product_brand?post=158"},{"taxonomy":"product_cat","embeddable":true,"href":"https:\/\/www.eBai.cz\/eshop\/wp-json\/wp\/v2\/product_cat?post=158"},{"taxonomy":"product_tag","embeddable":true,"href":"https:\/\/www.eBai.cz\/eshop\/wp-json\/wp\/v2\/product_tag?post=158"}],"curies":[{"name":"wp","href":"https:\/\/api.w.org\/{rel}","templated":true}]}}