{"id":156,"date":"2020-02-10T17:28:34","date_gmt":"2020-02-10T16:28:34","guid":{"rendered":"https:\/\/www.eBai.cz\/eshop\/?post_type=product&#038;p=156"},"modified":"2024-06-30T19:39:57","modified_gmt":"2024-06-30T17:39:57","slug":"nahradni-3-gumy-do-praku","status":"publish","type":"product","link":"https:\/\/www.eBai.cz\/eshop\/produkt\/nahradni-3-gumy-do-praku\/","title":{"rendered":"N\u00e1hradn\u00ed 3 gumy do praku"},"content":{"rendered":"<p>N\u00e1hradn\u00ed 3 gumy do praku (pro prak 14cm kovov\u00fd &#8211; m\u00e1me v nab\u00eddce)<\/p>\n","protected":false},"excerpt":{"rendered":"<p>N\u00e1hradn\u00ed 3 gumy do praku (pro prak 14cm kovov\u00fd &#8211; m\u00e1me v nab\u00eddce)<\/p>\n","protected":false},"featured_media":157,"comment_status":"open","ping_status":"closed","template":"","meta":[],"product_brand":[],"product_cat":[19],"product_tag":[],"class_list":{"0":"post-156","1":"product","2":"type-product","3":"status-publish","4":"has-post-thumbnail","6":"product_cat-survival","8":"first","9":"outofstock","10":"taxable","11":"shipping-taxable","12":"purchasable","13":"product-type-simple"},"jetpack_sharing_enabled":true,"_links":{"self":[{"href":"https:\/\/www.eBai.cz\/eshop\/wp-json\/wp\/v2\/product\/156","targetHints":{"allow":["GET"]}}],"collection":[{"href":"https:\/\/www.eBai.cz\/eshop\/wp-json\/wp\/v2\/product"}],"about":[{"href":"https:\/\/www.eBai.cz\/eshop\/wp-json\/wp\/v2\/types\/product"}],"replies":[{"embeddable":true,"href":"https:\/\/www.eBai.cz\/eshop\/wp-json\/wp\/v2\/comments?post=156"}],"wp:featuredmedia":[{"embeddable":true,"href":"https:\/\/www.eBai.cz\/eshop\/wp-json\/wp\/v2\/media\/157"}],"wp:attachment":[{"href":"https:\/\/www.eBai.cz\/eshop\/wp-json\/wp\/v2\/media?parent=156"}],"wp:term":[{"taxonomy":"product_brand","embeddable":true,"href":"https:\/\/www.eBai.cz\/eshop\/wp-json\/wp\/v2\/product_brand?post=156"},{"taxonomy":"product_cat","embeddable":true,"href":"https:\/\/www.eBai.cz\/eshop\/wp-json\/wp\/v2\/product_cat?post=156"},{"taxonomy":"product_tag","embeddable":true,"href":"https:\/\/www.eBai.cz\/eshop\/wp-json\/wp\/v2\/product_tag?post=156"}],"curies":[{"name":"wp","href":"https:\/\/api.w.org\/{rel}","templated":true}]}}