{"id":152,"date":"2020-02-10T17:17:48","date_gmt":"2020-02-10T16:17:48","guid":{"rendered":"https:\/\/www.eBai.cz\/eshop\/?post_type=product&#038;p=152"},"modified":"2020-02-13T12:39:10","modified_gmt":"2020-02-13T11:39:10","slug":"16-dilna-opravna-sada-na-hodinky-naramky-sperky","status":"publish","type":"product","link":"https:\/\/www.eBai.cz\/eshop\/produkt\/16-dilna-opravna-sada-na-hodinky-naramky-sperky\/","title":{"rendered":"16 d\u00edln\u00e1 opravn\u00e1 sada na hodinky n\u00e1ramky \u0161perky"},"content":{"rendered":"<p>16 d\u00edln\u00e1 sada na opravu hodinek\/n\u00e1ramk\u016f.<br \/>\nHod\u00ed se i jak\u00e9mukoliv kutilovi pracuj\u00edc\u00ed s jemnou technikou.<\/p>\n<p>D\u00edky t\u00e9hle sad\u011b nemus\u00edte nav\u0161t\u011bvovat hodin\u00e1\u0159e, aby V\u00e1m zkr\u00e1til \u0159em\u00ednek\/n\u00e1ramek nebo vym\u011bnil baterii.<\/p>\n<p>Obsah balen\u00ed:<br \/>\n1\u00d7 kostka na \u0159em\u00ednky\/n\u00e1ramky<br \/>\n1\u00d7 kle\u0161t\u011b<br \/>\n1\u00d7 n\u016f\u017e na otev\u0159en\u00ed hodinek<br \/>\n1\u00d7 pinzeta<br \/>\n3\u00d7 mini \u0161roubov\u00e1\u010dky<br \/>\n2\u00d7 v\u011bt\u0161\u00ed \u0161roubov\u00e1\u010dky<br \/>\n1\u00d7 posuvn\u00fd n\u00e1stavec na od\u0161roubov\u00e1n\u00ed krytu hodinek<br \/>\n1\u00d7 klad\u00edvko (kov a plast)<br \/>\n4\u00d7 trny (r\u016fzn\u00e9 velikosti) na rozpojov\u00e1n\u00ed \u0159em\u00ednky\/n\u00e1ramk\u016f<br \/>\n1\u00d7 \u0161roubovac\u00ed trn na \u0159em\u00ednky\/n\u00e1ramky<\/p>\n","protected":false},"excerpt":{"rendered":"<p>16 d\u00edln\u00e1 sada na opravu hodinek\/n\u00e1ramk\u016f. Hod\u00ed se i jak\u00e9mukoliv kutilovi pracuj\u00edc\u00ed s jemnou technikou. D\u00edky t\u00e9hle sad\u011b nemus\u00edte nav\u0161t\u011bvovat hodin\u00e1\u0159e, aby V\u00e1m zkr\u00e1til \u0159em\u00ednek\/n\u00e1ramek nebo vym\u011bnil baterii. Obsah balen\u00ed: 1\u00d7 kostka na \u0159em\u00ednky\/n\u00e1ramky 1\u00d7 kle\u0161t\u011b 1\u00d7 n\u016f\u017e na otev\u0159en\u00ed hodinek 1\u00d7 pinzeta 3\u00d7 mini \u0161roubov\u00e1\u010dky 2\u00d7 v\u011bt\u0161\u00ed \u0161roubov\u00e1\u010dky 1\u00d7 posuvn\u00fd n\u00e1stavec na od\u0161roubov\u00e1n\u00ed krytu [&hellip;]<\/p>\n","protected":false},"featured_media":154,"comment_status":"open","ping_status":"closed","template":"","meta":[],"product_brand":[],"product_cat":[35,29],"product_tag":[],"class_list":{"0":"post-152","1":"product","2":"type-product","3":"status-publish","4":"has-post-thumbnail","6":"product_cat-opravne-sady","7":"product_cat-nastroje","9":"first","10":"instock","11":"taxable","12":"shipping-taxable","13":"purchasable","14":"product-type-simple"},"jetpack_sharing_enabled":true,"_links":{"self":[{"href":"https:\/\/www.eBai.cz\/eshop\/wp-json\/wp\/v2\/product\/152","targetHints":{"allow":["GET"]}}],"collection":[{"href":"https:\/\/www.eBai.cz\/eshop\/wp-json\/wp\/v2\/product"}],"about":[{"href":"https:\/\/www.eBai.cz\/eshop\/wp-json\/wp\/v2\/types\/product"}],"replies":[{"embeddable":true,"href":"https:\/\/www.eBai.cz\/eshop\/wp-json\/wp\/v2\/comments?post=152"}],"wp:featuredmedia":[{"embeddable":true,"href":"https:\/\/www.eBai.cz\/eshop\/wp-json\/wp\/v2\/media\/154"}],"wp:attachment":[{"href":"https:\/\/www.eBai.cz\/eshop\/wp-json\/wp\/v2\/media?parent=152"}],"wp:term":[{"taxonomy":"product_brand","embeddable":true,"href":"https:\/\/www.eBai.cz\/eshop\/wp-json\/wp\/v2\/product_brand?post=152"},{"taxonomy":"product_cat","embeddable":true,"href":"https:\/\/www.eBai.cz\/eshop\/wp-json\/wp\/v2\/product_cat?post=152"},{"taxonomy":"product_tag","embeddable":true,"href":"https:\/\/www.eBai.cz\/eshop\/wp-json\/wp\/v2\/product_tag?post=152"}],"curies":[{"name":"wp","href":"https:\/\/api.w.org\/{rel}","templated":true}]}}