{"id":141,"date":"2020-02-10T14:17:09","date_gmt":"2020-02-10T13:17:09","guid":{"rendered":"https:\/\/www.eBai.cz\/eshop\/?post_type=product&#038;p=141"},"modified":"2020-02-10T14:22:36","modified_gmt":"2020-02-10T13:22:36","slug":"snorchlovaci-potapeci-maska-na-cely-oblicej-modra-s-m-detska","status":"publish","type":"product","link":"https:\/\/www.eBai.cz\/eshop\/produkt\/snorchlovaci-potapeci-maska-na-cely-oblicej-modra-s-m-detska\/","title":{"rendered":"\u0160norchlovac\u00ed pot\u00e1p\u011bc\u00ed maska na cel\u00fd obli\u010dej modr\u00e1 S\/M d\u011btsk\u00e1"},"content":{"rendered":"<p>\u0160norchlovac\u00ed pot\u00e1p\u011bc\u00ed maska na cel\u00fd obli\u010dej modr\u00e1, s n\u00e1stavcem kamery t\u0159eba GoPro<br \/>\nvelikost pro d\u00edt\u011b S\/M<br \/>\njednoduch\u00e9 d\u00fdch\u00e1n\u00ed nen\u00ed pot\u0159eba m\u00edt \u0161norchl v puse a d\u00edky tomu je \u0161norchlov\u00e1n\u00ed p\u0159\u00edjemn\u011bj\u0161\u00ed<\/p>\n","protected":false},"excerpt":{"rendered":"<p>\u0160norchlovac\u00ed pot\u00e1p\u011bc\u00ed maska na cel\u00fd obli\u010dej modr\u00e1, s n\u00e1stavcem kamery t\u0159eba GoPro velikost pro d\u00edt\u011b S\/M jednoduch\u00e9 d\u00fdch\u00e1n\u00ed nen\u00ed pot\u0159eba m\u00edt \u0161norchl v puse a d\u00edky tomu je \u0161norchlov\u00e1n\u00ed p\u0159\u00edjemn\u011bj\u0161\u00ed<\/p>\n","protected":false},"featured_media":144,"comment_status":"open","ping_status":"closed","template":"","meta":[],"product_brand":[],"product_cat":[28],"product_tag":[],"class_list":{"0":"post-141","1":"product","2":"type-product","3":"status-publish","4":"has-post-thumbnail","6":"product_cat-pro-sport","8":"first","9":"instock","10":"taxable","11":"shipping-taxable","12":"purchasable","13":"product-type-simple"},"jetpack_sharing_enabled":true,"_links":{"self":[{"href":"https:\/\/www.eBai.cz\/eshop\/wp-json\/wp\/v2\/product\/141","targetHints":{"allow":["GET"]}}],"collection":[{"href":"https:\/\/www.eBai.cz\/eshop\/wp-json\/wp\/v2\/product"}],"about":[{"href":"https:\/\/www.eBai.cz\/eshop\/wp-json\/wp\/v2\/types\/product"}],"replies":[{"embeddable":true,"href":"https:\/\/www.eBai.cz\/eshop\/wp-json\/wp\/v2\/comments?post=141"}],"wp:featuredmedia":[{"embeddable":true,"href":"https:\/\/www.eBai.cz\/eshop\/wp-json\/wp\/v2\/media\/144"}],"wp:attachment":[{"href":"https:\/\/www.eBai.cz\/eshop\/wp-json\/wp\/v2\/media?parent=141"}],"wp:term":[{"taxonomy":"product_brand","embeddable":true,"href":"https:\/\/www.eBai.cz\/eshop\/wp-json\/wp\/v2\/product_brand?post=141"},{"taxonomy":"product_cat","embeddable":true,"href":"https:\/\/www.eBai.cz\/eshop\/wp-json\/wp\/v2\/product_cat?post=141"},{"taxonomy":"product_tag","embeddable":true,"href":"https:\/\/www.eBai.cz\/eshop\/wp-json\/wp\/v2\/product_tag?post=141"}],"curies":[{"name":"wp","href":"https:\/\/api.w.org\/{rel}","templated":true}]}}