{"id":137,"date":"2020-02-10T13:54:18","date_gmt":"2020-02-10T12:54:18","guid":{"rendered":"https:\/\/www.eBai.cz\/eshop\/?post_type=product&#038;p=137"},"modified":"2021-11-16T12:38:04","modified_gmt":"2021-11-16T11:38:04","slug":"drzak-stojan-mobilu-tabletu-ipadu-na-stul-trojnozka","status":"publish","type":"product","link":"https:\/\/www.eBai.cz\/eshop\/produkt\/drzak-stojan-mobilu-tabletu-ipadu-na-stul-trojnozka\/","title":{"rendered":"Dr\u017e\u00e1k stojan mobilu tabletu iPadu na st\u016fl trojno\u017eka"},"content":{"rendered":"<p>Elegantn\u00ed trojno\u017eka na postaven\u00ed mobilu nebo tabletu na st\u016fl. Jednodu\u0161e se sklop\u00ed do mal\u00e9ho kv\u00e1dru. Spousta variac\u00ed na naklon\u011bn\u00ed.<br \/>\nVhodn\u00e9 pro velikosti od 5&#8243; do 15&#8243;<\/p>\n<p>video ke shl\u00e9dnut\u00ed:<\/p>\n<p><iframe loading=\"lazy\" src=\"https:\/\/www.youtube.com\/embed\/2SVR6qE7Lo0\" width=\"560\" height=\"315\" frameborder=\"0\" allowfullscreen=\"allowfullscreen\"><\/iframe><\/p>\n","protected":false},"excerpt":{"rendered":"<p>Elegantn\u00ed trojno\u017eka na postaven\u00ed mobilu nebo tabletu na st\u016fl. Jednodu\u0161e se sklop\u00ed do mal\u00e9ho kv\u00e1dru. Spousta variac\u00ed na naklon\u011bn\u00ed. Vhodn\u00e9 pro velikosti od 5&#8243; do 15&#8243; video ke shl\u00e9dnut\u00ed:<\/p>\n","protected":false},"featured_media":138,"comment_status":"open","ping_status":"closed","template":"","meta":[],"product_brand":[],"product_cat":[18],"product_tag":[],"class_list":{"0":"post-137","1":"product","2":"type-product","3":"status-publish","4":"has-post-thumbnail","6":"product_cat-pro-mobil","8":"first","9":"outofstock","10":"taxable","11":"shipping-taxable","12":"purchasable","13":"product-type-simple"},"jetpack_sharing_enabled":true,"_links":{"self":[{"href":"https:\/\/www.eBai.cz\/eshop\/wp-json\/wp\/v2\/product\/137","targetHints":{"allow":["GET"]}}],"collection":[{"href":"https:\/\/www.eBai.cz\/eshop\/wp-json\/wp\/v2\/product"}],"about":[{"href":"https:\/\/www.eBai.cz\/eshop\/wp-json\/wp\/v2\/types\/product"}],"replies":[{"embeddable":true,"href":"https:\/\/www.eBai.cz\/eshop\/wp-json\/wp\/v2\/comments?post=137"}],"wp:featuredmedia":[{"embeddable":true,"href":"https:\/\/www.eBai.cz\/eshop\/wp-json\/wp\/v2\/media\/138"}],"wp:attachment":[{"href":"https:\/\/www.eBai.cz\/eshop\/wp-json\/wp\/v2\/media?parent=137"}],"wp:term":[{"taxonomy":"product_brand","embeddable":true,"href":"https:\/\/www.eBai.cz\/eshop\/wp-json\/wp\/v2\/product_brand?post=137"},{"taxonomy":"product_cat","embeddable":true,"href":"https:\/\/www.eBai.cz\/eshop\/wp-json\/wp\/v2\/product_cat?post=137"},{"taxonomy":"product_tag","embeddable":true,"href":"https:\/\/www.eBai.cz\/eshop\/wp-json\/wp\/v2\/product_tag?post=137"}],"curies":[{"name":"wp","href":"https:\/\/api.w.org\/{rel}","templated":true}]}}