{"id":13473,"date":"2025-03-01T17:15:56","date_gmt":"2025-03-01T16:15:56","guid":{"rendered":"https:\/\/www.eBai.cz\/eshop\/?post_type=product&#038;p=13473"},"modified":"2026-04-28T22:15:26","modified_gmt":"2026-04-28T20:15:26","slug":"oranzovy-plastovy-obal-na-digitalni-anemometer-meric-rychlosti-vetru-s-teplomerem","status":"publish","type":"product","link":"https:\/\/www.eBai.cz\/eshop\/produkt\/oranzovy-plastovy-obal-na-digitalni-anemometer-meric-rychlosti-vetru-s-teplomerem\/","title":{"rendered":"Oran\u017eov\u00fd plastov\u00fd obal na digit\u00e1ln\u00ed anemometer m\u011b\u0159i\u010d rychlosti v\u011btru s teplom\u011brem"},"content":{"rendered":"<p>Oran\u017eov\u00fd plastov\u00fd obal na digit\u00e1ln\u00ed anemometer m\u011b\u0159i\u010d rychlosti v\u011btru s teplom\u011brer<\/p>\n","protected":false},"excerpt":{"rendered":"<p>Oran\u017eov\u00fd plastov\u00fd obal na digit\u00e1ln\u00ed anemometer m\u011b\u0159i\u010d rychlosti v\u011btru s teplom\u011brer<\/p>\n","protected":false},"featured_media":13475,"comment_status":"open","ping_status":"closed","template":"","meta":[],"product_brand":[],"product_cat":[17],"product_tag":[],"class_list":{"0":"post-13473","1":"product","2":"type-product","3":"status-publish","4":"has-post-thumbnail","6":"product_cat-elektronika","8":"first","9":"instock","10":"taxable","11":"shipping-taxable","12":"purchasable","13":"product-type-simple"},"jetpack_sharing_enabled":true,"_links":{"self":[{"href":"https:\/\/www.eBai.cz\/eshop\/wp-json\/wp\/v2\/product\/13473","targetHints":{"allow":["GET"]}}],"collection":[{"href":"https:\/\/www.eBai.cz\/eshop\/wp-json\/wp\/v2\/product"}],"about":[{"href":"https:\/\/www.eBai.cz\/eshop\/wp-json\/wp\/v2\/types\/product"}],"replies":[{"embeddable":true,"href":"https:\/\/www.eBai.cz\/eshop\/wp-json\/wp\/v2\/comments?post=13473"}],"wp:featuredmedia":[{"embeddable":true,"href":"https:\/\/www.eBai.cz\/eshop\/wp-json\/wp\/v2\/media\/13475"}],"wp:attachment":[{"href":"https:\/\/www.eBai.cz\/eshop\/wp-json\/wp\/v2\/media?parent=13473"}],"wp:term":[{"taxonomy":"product_brand","embeddable":true,"href":"https:\/\/www.eBai.cz\/eshop\/wp-json\/wp\/v2\/product_brand?post=13473"},{"taxonomy":"product_cat","embeddable":true,"href":"https:\/\/www.eBai.cz\/eshop\/wp-json\/wp\/v2\/product_cat?post=13473"},{"taxonomy":"product_tag","embeddable":true,"href":"https:\/\/www.eBai.cz\/eshop\/wp-json\/wp\/v2\/product_tag?post=13473"}],"curies":[{"name":"wp","href":"https:\/\/api.w.org\/{rel}","templated":true}]}}