{"id":13454,"date":"2024-11-18T23:06:24","date_gmt":"2024-11-18T22:06:24","guid":{"rendered":"https:\/\/www.eBai.cz\/eshop\/?post_type=product&#038;p=13454"},"modified":"2026-04-27T23:39:04","modified_gmt":"2026-04-27T21:39:04","slug":"akatova-kostka-4cm","status":"publish","type":"product","link":"https:\/\/www.eBai.cz\/eshop\/produkt\/akatova-kostka-4cm\/","title":{"rendered":"Ak\u00e1tov\u00e1 kostka 4cm"},"content":{"rendered":"<p>Ak\u00e1tov\u00e1 kostka o velikosti 4cm<\/p>\n<p>Technick\u00e9 informace:<br \/>\n&#8211; ak\u00e1tov\u00e9 d\u0159evo<br \/>\n&#8211; neopracovan\u00e9 (pouze na\u0159ezan\u00e9)<br \/>\n&#8211; ru\u010dn\u011b vyrobeno v \u010cesk\u00e9 republice (\u017e\u00e1dn\u00e1 \u010c\u00edna)<br \/>\n&#8211; je ekologick\u00e9, neobsahuje \u017e\u00e1dn\u00e9 barvy<br \/>\n&#8211; d\u011bti si jej mohou pokreslit a opracovat podle vlastn\u00ed libosti<\/p>\n<p><em>Upozorn\u011bn\u00ed: Ur\u010den\u00e9 k pou\u017eit\u00ed ve \u0161kol\u00e1ch a v jin\u00fdch pedagogick\u00fdch souvislostech pro didaktick\u00e9 \u00fa\u010dely pod dohledem dosp\u011bl\u00e9ho instruktora.<\/em><\/p>\n","protected":false},"excerpt":{"rendered":"<p>Ak\u00e1tov\u00e1 kostka o velikosti 4cm Technick\u00e9 informace: &#8211; ak\u00e1tov\u00e9 d\u0159evo &#8211; neopracovan\u00e9 (pouze na\u0159ezan\u00e9) &#8211; ru\u010dn\u011b vyrobeno v \u010cesk\u00e9 republice (\u017e\u00e1dn\u00e1 \u010c\u00edna) &#8211; je ekologick\u00e9, neobsahuje \u017e\u00e1dn\u00e9 barvy &#8211; d\u011bti si jej mohou pokreslit a opracovat podle vlastn\u00ed libosti Upozorn\u011bn\u00ed: Ur\u010den\u00e9 k pou\u017eit\u00ed ve \u0161kol\u00e1ch a v jin\u00fdch pedagogick\u00fdch souvislostech pro didaktick\u00e9 \u00fa\u010dely pod dohledem [&hellip;]<\/p>\n","protected":false},"featured_media":13453,"comment_status":"open","ping_status":"closed","template":"","meta":[],"product_brand":[],"product_cat":[22],"product_tag":[],"class_list":{"0":"post-13454","1":"product","2":"type-product","3":"status-publish","4":"has-post-thumbnail","6":"product_cat-polytechnika","8":"first","9":"instock","10":"taxable","11":"shipping-taxable","12":"purchasable","13":"product-type-simple"},"jetpack_sharing_enabled":true,"_links":{"self":[{"href":"https:\/\/www.eBai.cz\/eshop\/wp-json\/wp\/v2\/product\/13454","targetHints":{"allow":["GET"]}}],"collection":[{"href":"https:\/\/www.eBai.cz\/eshop\/wp-json\/wp\/v2\/product"}],"about":[{"href":"https:\/\/www.eBai.cz\/eshop\/wp-json\/wp\/v2\/types\/product"}],"replies":[{"embeddable":true,"href":"https:\/\/www.eBai.cz\/eshop\/wp-json\/wp\/v2\/comments?post=13454"}],"wp:featuredmedia":[{"embeddable":true,"href":"https:\/\/www.eBai.cz\/eshop\/wp-json\/wp\/v2\/media\/13453"}],"wp:attachment":[{"href":"https:\/\/www.eBai.cz\/eshop\/wp-json\/wp\/v2\/media?parent=13454"}],"wp:term":[{"taxonomy":"product_brand","embeddable":true,"href":"https:\/\/www.eBai.cz\/eshop\/wp-json\/wp\/v2\/product_brand?post=13454"},{"taxonomy":"product_cat","embeddable":true,"href":"https:\/\/www.eBai.cz\/eshop\/wp-json\/wp\/v2\/product_cat?post=13454"},{"taxonomy":"product_tag","embeddable":true,"href":"https:\/\/www.eBai.cz\/eshop\/wp-json\/wp\/v2\/product_tag?post=13454"}],"curies":[{"name":"wp","href":"https:\/\/api.w.org\/{rel}","templated":true}]}}